{"id":19041,"date":"2026-04-14T12:10:49","date_gmt":"2026-04-14T10:10:49","guid":{"rendered":"https:\/\/www.nachfolger.com\/formas-de-pago\/"},"modified":"2026-04-14T12:10:51","modified_gmt":"2026-04-14T10:10:51","slug":"formas-de-pago","status":"publish","type":"page","link":"https:\/\/www.nachfolger.com\/es\/formas-de-pago\/","title":{"rendered":"Formas de pago"},"content":{"rendered":"<div id='av_section_1'  class='avia-section av-c2nqwi-cad63850fbcde945d8b7202bf5a4d246 main_color avia-section-large avia-no-border-styling  avia-builder-el-0  avia-builder-el-no-sibling  layout-boxed avia-bg-style-scroll container_wrap fullsize'  ><div class='container av-section-cont-open' ><main  role=\"main\" itemprop=\"mainContentOfPage\"  class='template-page content  av-content-full alpha units'><div class='post-entry post-entry-type-page post-entry-19041'><div class='entry-content-wrapper clearfix'>\n\n\n<style type=\"text\/css\" data-created_by=\"avia_inline_auto\" id=\"style-css-av-a9pcsy-7296b924b1103819a81ccf2800da9007\">\n.flex_column.av-a9pcsy-7296b924b1103819a81ccf2800da9007{\nborder-radius:0px 0px 0px 0px;\npadding:0px 0px 0px 0px;\n}\n<\/style>\n<div  class='flex_column av-a9pcsy-7296b924b1103819a81ccf2800da9007 av_one_full  avia-builder-el-1  el_before_av_hr  avia-builder-el-first  first flex_column_div av-zero-column-padding  '     ><section  class='av_textblock_section av-8tia76-7302c429c1733389270e7cf4eb100364 '   itemscope=\"itemscope\" itemtype=\"https:\/\/schema.org\/CreativeWork\" ><div class='avia_textblock'  itemprop=\"text\" ><h3>Informaci\u00f3n de pago<\/h3>\n<\/div><\/section>\n\n<style type=\"text\/css\" data-created_by=\"avia_inline_auto\" id=\"style-css-av-75aacy-fdeb0eaf2cb9bb376c7cb4f3be91c8a1\">\n#top .hr.hr-invisible.av-75aacy-fdeb0eaf2cb9bb376c7cb4f3be91c8a1{\nheight:30px;\n}\n<\/style>\n<div  class='hr av-75aacy-fdeb0eaf2cb9bb376c7cb4f3be91c8a1 hr-invisible  avia-builder-el-3  el_after_av_textblock  el_before_av_textblock '><span class='hr-inner '><span class=\"hr-inner-style\"><\/span><\/span><\/div>\n<section  class='av_textblock_section av-66jn7m-db638d4b18d2faf6fb3322d082e5f16c '   itemscope=\"itemscope\" itemtype=\"https:\/\/schema.org\/CreativeWork\" ><div class='avia_textblock'  itemprop=\"text\" ><p>Te ofrecemos la posibilidad de pagar contra reembolso, transferencia anticipada o con tarjeta de cr\u00e9dito.<\/p>\n<p>Aceptamos Visa y MasterCard.<br \/>\nEl pago con tarjeta de cr\u00e9dito se realiza mediante transmisi\u00f3n SSL (Secure Socket Layer). Los datos introducidos se cifran inmediatamente. <\/p>\n<h4>ENV\u00cdO NACIONAL<\/h4>\n<p>Para entregas dentro de Austria ofrecemos las siguientes formas de pago, salvo que se indique lo contrario en la descripci\u00f3n del producto:<\/p>\n<ol>\n<li>Transferencia bancaria<\/li>\n<li>Tarjeta de cr\u00e9dito<\/li>\n<li>PayPal<\/li>\n<li>Contra reembolso<\/li>\n<li>Pago contra factura<\/li>\n<\/ol>\n<h4>ENV\u00cdO INTERNACIONAL<\/h4>\n<p>Para entregas al extranjero ofrecemos las siguientes formas de pago, salvo que se indique lo contrario en la descripci\u00f3n del producto:<\/p>\n<ol>\n<li>Tarjeta de cr\u00e9dito<\/li>\n<li>PayPal<\/li>\n<li>Contra reembolso<\/li>\n<li>Pago contra factura<\/li>\n<\/ol>\n<h4>INFORMACI\u00d3N DETALLADA SOBRE CADA FORMA DE PAGO<\/h4>\n<h5><\/h5>\n<h5>TRANSFERENCIA BANCARIA<\/h5>\n<p>Transfiere c\u00f3modamente el importe de la factura a nuestra cuenta bancaria indicando el concepto. Te comunicaremos nuestros datos bancarios y el concepto de la transferencia por separado por correo electr\u00f3nico durante el proceso del pedido. El env\u00edo se realiza tras recibir el importe que hayas transferido directamente a nuestra cuenta. Te informamos de posibles plazos de entrega diferentes en la p\u00e1gina del producto correspondiente.   <\/p>\n<p>Por favor, indica tu n\u00famero de pedido o factura en el concepto.<\/p>\n<p>Recibir\u00e1s nuestros datos bancarios en la confirmaci\u00f3n de tu pedido.<\/p>\n<h5>PAYPAL<\/h5>\n<p>PayPal te ofrece un pago sencillo, r\u00e1pido y seguro por internet y siempre es gratuito para ti como cliente. Tus datos bancarios o n\u00famero de tarjeta de cr\u00e9dito est\u00e1n almacenados de forma segura en PayPal y protegidos mediante el protocolo SSL y la clave de 128 bits. El pago se realiza simplemente con una direcci\u00f3n de correo electr\u00f3nico de PayPal. As\u00ed podemos enviar tu pedido inmediatamente dentro del plazo de entrega indicado, y recibir\u00e1s tus compras m\u00e1s r\u00e1pido.   <\/p>\n<h5>PAGO CON TARJETA DE CR\u00c9DITO (VISA O MASTERCARD)<\/h5>\n<p>Paga c\u00f3modamente con tarjeta de cr\u00e9dito. Al pagar con tarjeta de cr\u00e9dito, tus datos se transmiten cifrados a nuestro sistema de pago electr\u00f3nico y no los almacenamos. Puedes elegir entre Visa o MasterCard. El cargo en tu cuenta de tarjeta de cr\u00e9dito se realiza al finalizar el pedido.   <\/p>\n<h5>CONTRA REEMBOLSO<\/h5>\n<p>Pagas en el momento de la entrega a la empresa de transporte que hemos contratado, que est\u00e1 autorizada para recibir el importe que debes pagar. Ten en cuenta que en los env\u00edos contra reembolso cobramos un recargo de 9,90 euros. <\/p>\n<h5>PAGO CONTRA FACTURA<\/h5>\n<p>Tras recibir la factura, nos transfieres el importe que debes pagar dentro del plazo de pago indicado en la factura a nuestra cuenta bancaria.<\/p>\n<h5>ALTERNATIVA<\/h5>\n<p>La recogida en persona no es posible por motivos log\u00edsticos.<\/p>\n<\/div><\/section>\n\n<style type=\"text\/css\" data-created_by=\"avia_inline_auto\" id=\"style-css-av-4cte0y-c0bbcc105eb60e6a62f32e485372e138\">\n#top .hr.hr-invisible.av-4cte0y-c0bbcc105eb60e6a62f32e485372e138{\nheight:30px;\n}\n<\/style>\n<div  class='hr av-4cte0y-c0bbcc105eb60e6a62f32e485372e138 hr-invisible  avia-builder-el-5  el_after_av_textblock  avia-builder-el-last '><span class='hr-inner '><span class=\"hr-inner-style\"><\/span><\/span><\/div><\/div>\n<style type=\"text\/css\" data-created_by=\"avia_inline_auto\" id=\"style-css-av-3avncy-828d916013a9024448f4d6fdfd33f078\">\n#top .hr.hr-invisible.av-3avncy-828d916013a9024448f4d6fdfd33f078{\nheight:30px;\n}\n<\/style>\n<div  class='hr av-3avncy-828d916013a9024448f4d6fdfd33f078 hr-invisible  avia-builder-el-6  el_after_av_one_full  avia-builder-el-last '><span class='hr-inner '><span class=\"hr-inner-style\"><\/span><\/span><\/div>\n\n","protected":false},"excerpt":{"rendered":"","protected":false},"author":1,"featured_media":0,"parent":0,"menu_order":0,"comment_status":"closed","ping_status":"closed","template":"","meta":{"_acf_changed":false,"inline_featured_image":false,"footnotes":""},"class_list":["post-19041","page","type-page","status-publish","hentry"],"acf":[],"_links":{"self":[{"href":"https:\/\/www.nachfolger.com\/es\/wp-json\/wp\/v2\/pages\/19041","targetHints":{"allow":["GET"]}}],"collection":[{"href":"https:\/\/www.nachfolger.com\/es\/wp-json\/wp\/v2\/pages"}],"about":[{"href":"https:\/\/www.nachfolger.com\/es\/wp-json\/wp\/v2\/types\/page"}],"author":[{"embeddable":true,"href":"https:\/\/www.nachfolger.com\/es\/wp-json\/wp\/v2\/users\/1"}],"replies":[{"embeddable":true,"href":"https:\/\/www.nachfolger.com\/es\/wp-json\/wp\/v2\/comments?post=19041"}],"version-history":[{"count":1,"href":"https:\/\/www.nachfolger.com\/es\/wp-json\/wp\/v2\/pages\/19041\/revisions"}],"predecessor-version":[{"id":19044,"href":"https:\/\/www.nachfolger.com\/es\/wp-json\/wp\/v2\/pages\/19041\/revisions\/19044"}],"wp:attachment":[{"href":"https:\/\/www.nachfolger.com\/es\/wp-json\/wp\/v2\/media?parent=19041"}],"curies":[{"name":"wp","href":"https:\/\/api.w.org\/{rel}","templated":true}]}}