{"id":19086,"date":"2026-04-14T12:11:45","date_gmt":"2026-04-14T10:11:45","guid":{"rendered":"https:\/\/www.nachfolger.com\/servicio\/"},"modified":"2026-04-14T12:11:47","modified_gmt":"2026-04-14T10:11:47","slug":"servicio","status":"publish","type":"page","link":"https:\/\/www.nachfolger.com\/es\/servicio\/","title":{"rendered":"Servicio"},"content":{"rendered":"<div id='av_section_1'  class='avia-section av-ixjkue-387c38ddefbcb98908c92b7e8f539437 main_color avia-section-large avia-no-border-styling  avia-builder-el-0  avia-builder-el-no-sibling  layout-boxed avia-bg-style-scroll container_wrap fullsize'  ><div class='container av-section-cont-open' ><main  role=\"main\" itemprop=\"mainContentOfPage\"  class='template-page content  av-content-full alpha units'><div class='post-entry post-entry-type-page post-entry-19086'><div class='entry-content-wrapper clearfix'>\n\n\n<style type=\"text\/css\" data-created_by=\"avia_inline_auto\" id=\"style-css-av-h8hsh2-b1757229a8b023314b4b3d3c2a69370c\">\n.flex_column.av-h8hsh2-b1757229a8b023314b4b3d3c2a69370c{\nborder-radius:0px 0px 0px 0px;\npadding:0px 0px 0px 0px;\n}\n<\/style>\n<div  class='flex_column av-h8hsh2-b1757229a8b023314b4b3d3c2a69370c av_one_full  avia-builder-el-1  el_before_av_one_half  avia-builder-el-first  first flex_column_div av-zero-column-padding  '     ><section  class='av_textblock_section av-ghfn12-d94a3fabac26c0d5e8ada6aa3601ee6f '   itemscope=\"itemscope\" itemtype=\"https:\/\/schema.org\/CreativeWork\" ><div class='avia_textblock'  itemprop=\"text\" ><h3>Servicio<\/h3>\n<\/div><\/section>\n\n<style type=\"text\/css\" data-created_by=\"avia_inline_auto\" id=\"style-css-av-enmdti-bece0c2051c2b0367b9117a482f73b9d\">\n#top .hr.hr-invisible.av-enmdti-bece0c2051c2b0367b9117a482f73b9d{\nheight:30px;\n}\n<\/style>\n<div  class='hr av-enmdti-bece0c2051c2b0367b9117a482f73b9d hr-invisible  avia-builder-el-3  el_after_av_textblock  el_before_av_textblock '><span class='hr-inner '><span class=\"hr-inner-style\"><\/span><\/span><\/div>\n<section  class='av_textblock_section av-d4kn86-2d94243307d70e15a74f4a4e746dfcae '   itemscope=\"itemscope\" itemtype=\"https:\/\/schema.org\/CreativeWork\" ><div class='avia_textblock'  itemprop=\"text\" ><p>Ofrecemos a nuestros clientes el mejor servicio posible y estamos a tu disposici\u00f3n para cualquier duda o problema. Nuestro experimentado equipo de atenci\u00f3n al cliente estar\u00e1 encantado de ayudarte con preguntas sobre nuestros productos, la entrega u otros temas.<\/p>\n<\/div><\/section>\n\n<style type=\"text\/css\" data-created_by=\"avia_inline_auto\" id=\"style-css-av-b4y75i-c268b563af58a405fee69ae8943d4121\">\n#top .hr.hr-invisible.av-b4y75i-c268b563af58a405fee69ae8943d4121{\nheight:30px;\n}\n<\/style>\n<div  class='hr av-b4y75i-c268b563af58a405fee69ae8943d4121 hr-invisible  avia-builder-el-5  el_after_av_textblock  avia-builder-el-last '><span class='hr-inner '><span class=\"hr-inner-style\"><\/span><\/span><\/div><\/div><div class='flex_column_table av-903kdy-a52a1cf913fdcf9aeaa2c9882d7ed628 sc-av_one_half av-equal-height-column-flextable'>\n<style type=\"text\/css\" data-created_by=\"avia_inline_auto\" id=\"style-css-av-903kdy-a52a1cf913fdcf9aeaa2c9882d7ed628\">\n.flex_column.av-903kdy-a52a1cf913fdcf9aeaa2c9882d7ed628{\nborder-width:1px;\nborder-color:#e7e7e7;\nborder-style:solid;\nborder-radius:0px 0px 0px 0px;\npadding:50px 50px 50px 50px;\n}\n<\/style>\n<div  class='flex_column av-903kdy-a52a1cf913fdcf9aeaa2c9882d7ed628 av_one_half  avia-builder-el-6  el_after_av_one_full  el_before_av_one_half  first flex_column_table_cell av-equal-height-column av-align-top  column-top-margin'     ><section  class='av_textblock_section av-7qsoyu-07fbc8b9578dd54f51ab148ecdaf232b '   itemscope=\"itemscope\" itemtype=\"https:\/\/schema.org\/CreativeWork\" ><div class='avia_textblock'  itemprop=\"text\" ><h4>L\u00cdNEA DIRECTA<\/h4>\n<p>Esperamos tu llamada al<br \/>\n<a href=\"tel:+436604956935\">0043 660 4956935<\/a><br \/>\ny estamos a tu disposici\u00f3n en el siguiente horario (CEST):<\/p>\n<p>De 10:00 a 16:00 de lunes a jueves<br \/>\nDe 10:00 a 13:00 los viernes<\/p>\n<\/div><\/section><\/div><div class='av-flex-placeholder'><\/div>\n<style type=\"text\/css\" data-created_by=\"avia_inline_auto\" id=\"style-css-av-5uc9ty-fc91a8bff17f3df51aec5bc3cdbe509e\">\n.flex_column.av-5uc9ty-fc91a8bff17f3df51aec5bc3cdbe509e{\nborder-width:1px;\nborder-color:#e7e7e7;\nborder-style:solid;\nborder-radius:0px 0px 0px 0px;\npadding:50px 50px 50px 50px;\n}\n<\/style>\n<div  class='flex_column av-5uc9ty-fc91a8bff17f3df51aec5bc3cdbe509e av_one_half  avia-builder-el-8  el_after_av_one_half  el_before_av_hr  flex_column_table_cell av-equal-height-column av-align-top  column-top-margin'     ><section  class='av_textblock_section av-4jfyie-8cc80c912ce5b49a4a513d9e1852bb04 '   itemscope=\"itemscope\" itemtype=\"https:\/\/schema.org\/CreativeWork\" ><div class='avia_textblock'  itemprop=\"text\" ><h4>CORREO ELECTR\u00d3NICO<\/h4>\n<p>El equipo de atenci\u00f3n al cliente responder\u00e1 a tus correos con preguntas, problemas o comentarios en <a href=\"mailto:info@nachfolger.com\">info@nachfolger.com<\/a> lo antes posible, porque tu satisfacci\u00f3n es nuestra prioridad.<\/p>\n<\/div><\/section><\/div><\/div><!--close column table wrapper. Autoclose: 1 -->\n<style type=\"text\/css\" data-created_by=\"avia_inline_auto\" id=\"style-css-av-2pzk9i-e1148210e3f39824de8c9d3b599f40a5\">\n#top .hr.hr-invisible.av-2pzk9i-e1148210e3f39824de8c9d3b599f40a5{\nheight:30px;\n}\n<\/style>\n<div  class='hr av-2pzk9i-e1148210e3f39824de8c9d3b599f40a5 hr-invisible  avia-builder-el-10  el_after_av_one_half  avia-builder-el-last '><span class='hr-inner '><span class=\"hr-inner-style\"><\/span><\/span><\/div>\n\n","protected":false},"excerpt":{"rendered":"","protected":false},"author":1,"featured_media":0,"parent":0,"menu_order":0,"comment_status":"closed","ping_status":"closed","template":"","meta":{"_acf_changed":false,"inline_featured_image":false,"footnotes":""},"class_list":["post-19086","page","type-page","status-publish","hentry"],"acf":[],"_links":{"self":[{"href":"https:\/\/www.nachfolger.com\/es\/wp-json\/wp\/v2\/pages\/19086","targetHints":{"allow":["GET"]}}],"collection":[{"href":"https:\/\/www.nachfolger.com\/es\/wp-json\/wp\/v2\/pages"}],"about":[{"href":"https:\/\/www.nachfolger.com\/es\/wp-json\/wp\/v2\/types\/page"}],"author":[{"embeddable":true,"href":"https:\/\/www.nachfolger.com\/es\/wp-json\/wp\/v2\/users\/1"}],"replies":[{"embeddable":true,"href":"https:\/\/www.nachfolger.com\/es\/wp-json\/wp\/v2\/comments?post=19086"}],"version-history":[{"count":6,"href":"https:\/\/www.nachfolger.com\/es\/wp-json\/wp\/v2\/pages\/19086\/revisions"}],"predecessor-version":[{"id":19096,"href":"https:\/\/www.nachfolger.com\/es\/wp-json\/wp\/v2\/pages\/19086\/revisions\/19096"}],"wp:attachment":[{"href":"https:\/\/www.nachfolger.com\/es\/wp-json\/wp\/v2\/media?parent=19086"}],"curies":[{"name":"wp","href":"https:\/\/api.w.org\/{rel}","templated":true}]}}