{"id":18938,"date":"2025-05-04T16:57:46","date_gmt":"2025-05-04T14:57:46","guid":{"rendered":"https:\/\/www.nachfolger.com\/shop\/hyfive-city-nuevo\/"},"modified":"2026-04-14T14:19:14","modified_gmt":"2026-04-14T12:19:14","slug":"hyfive-city-nuevo","status":"publish","type":"product","link":"https:\/\/www.nachfolger.com\/es\/shop\/hyfive-city-nuevo\/","title":{"rendered":"HyFive CITY &#8211; \u00a1NUEVO!"},"content":{"rendered":"Nuestro nuevo HyFive CITY es perfecto para familias, usuarios de coche compartido, usuarios de coches de alquiler, por ejemplo, en viajes cortos a la ciudad o para trayectos en taxi. Es la primera silla de coche segura, plegable y ultraligera para uso diario, que se monta r\u00e1pidamente y se puede instalar en cualquier coche. Una silla de coche exclusivamente a contramarcha para cualquier situaci\u00f3n: d\u00eda a d\u00eda, bicicleta de carga, segundo coche, viajes compartidos y vacaciones en autob\u00fas, tren o avi\u00f3n.  \n\nTodos nuestros productos pueden utilizarse en todo el mundo durante las vacaciones gracias a su certificaci\u00f3n.\n\nNuestro mejorado y compacto explorador urbano se caracteriza por:\n<ul style=\"list-style-type: circle;\">\n \t<li>\u00a1Peso de viaje reducido de solo 4,6 kg!<\/li>\n \t<li>Forma compacta que ahorra espacio (5,5 cm m\u00e1s corta que el HyFive WORLD)<\/li>\n \t<li>Uso en el veh\u00edculo con cintur\u00f3n de 3 puntos y cintur\u00f3n Top Tether.<\/li>\n \t<li>Uso en avi\u00f3n, autob\u00fas o tren suficiente con cintur\u00f3n abdominal.<\/li>\n \t<li>Mecanismo de plegado patentado, dise\u00f1o \u00fanico (\u00a1tama\u00f1o de cabina de avi\u00f3n!) <\/li>\n \t<li>Incluye una bolsa de transporte que sirve tambi\u00e9n como funda protectora para el asiento del coche.<\/li>\n \t<li>Incluye una bomba el\u00e9ctrica y un cable de carga USB (\u00a1est\u00e1ndar mundial!)<\/li>\n \t<li>NUEVO: manejo m\u00e1s f\u00e1cil gracias a un tiempo de inflado m\u00e1s corto.<\/li>\n \t<li>NUEVO: mayor seguridad gracias a un Air Control System mejorado.<\/li>\n \t<li>NUEVO &#8211; Certificado seg\u00fan la nueva norma UN ECE R129\/04.<\/li>\n \t<li>Consulta tambi\u00e9n la lista de veh\u00edculos y preg\u00fantanos en caso de duda.<\/li>\n \t<li>encontrar\u00e1s m\u00e1s informaci\u00f3n en los detalles del producto.<\/li>\n<\/ul>\n\u00a1Disponible en los colores m\u00e1s populares!","protected":false},"excerpt":{"rendered":"<p>Plazo de entrega aprox. 5-10 d\u00edas. \u00a1Env\u00edo gratis! <\/p>\n<p>Nuestro nuevo CITY-FLITZER ligero y compacto<br \/>\npesa solo 4,6 kg | de 6 m a 5 a\u00f1os o de 61 a 105 cm y m\u00e1x. 18 kg. <\/p>\n","protected":false},"featured_media":18940,"comment_status":"open","ping_status":"closed","template":"","meta":{"_acf_changed":false,"inline_featured_image":false},"product_brand":[],"product_cat":[1433],"product_tag":[1434,1435,1436],"class_list":{"0":"post-18938","1":"product","2":"type-product","3":"status-publish","4":"has-post-thumbnail","6":"product_cat-sillas-de-coche-para-ninos","7":"product_tag-hy5-1tt","8":"product_tag-hyfiveonett","9":"product_tag-nachfolger","11":"first","12":"instock","13":"taxable","14":"shipping-taxable","15":"purchasable","16":"product-type-variable","17":"has-default-attributes"},"acf":[],"_links":{"self":[{"href":"https:\/\/www.nachfolger.com\/es\/wp-json\/wp\/v2\/product\/18938","targetHints":{"allow":["GET"]}}],"collection":[{"href":"https:\/\/www.nachfolger.com\/es\/wp-json\/wp\/v2\/product"}],"about":[{"href":"https:\/\/www.nachfolger.com\/es\/wp-json\/wp\/v2\/types\/product"}],"replies":[{"embeddable":true,"href":"https:\/\/www.nachfolger.com\/es\/wp-json\/wp\/v2\/comments?post=18938"}],"wp:featuredmedia":[{"embeddable":true,"href":"https:\/\/www.nachfolger.com\/es\/wp-json\/wp\/v2\/media\/18940"}],"wp:attachment":[{"href":"https:\/\/www.nachfolger.com\/es\/wp-json\/wp\/v2\/media?parent=18938"}],"wp:term":[{"taxonomy":"product_brand","embeddable":true,"href":"https:\/\/www.nachfolger.com\/es\/wp-json\/wp\/v2\/product_brand?post=18938"},{"taxonomy":"product_cat","embeddable":true,"href":"https:\/\/www.nachfolger.com\/es\/wp-json\/wp\/v2\/product_cat?post=18938"},{"taxonomy":"product_tag","embeddable":true,"href":"https:\/\/www.nachfolger.com\/es\/wp-json\/wp\/v2\/product_tag?post=18938"}],"curies":[{"name":"wp","href":"https:\/\/api.w.org\/{rel}","templated":true}]}}