{"id":19209,"date":"2018-02-16T14:33:56","date_gmt":"2018-02-16T13:33:56","guid":{"rendered":"https:\/\/www.nachfolger.com\/shop\/bomba-hyfive\/"},"modified":"2026-04-14T12:16:45","modified_gmt":"2026-04-14T10:16:45","slug":"bomba-hyfive","status":"publish","type":"product","link":"https:\/\/www.nachfolger.com\/es\/shop\/bomba-hyfive\/","title":{"rendered":"Bomba HyFive"},"content":{"rendered":"<strong>Con la bomba m\u00f3vil y potente, tu HyFive est\u00e1 listo para usar en cualquier lugar al instante. <\/strong>\n\n<strong><span style=\"color: #800000;\">\u00a1Importante!<\/span><\/strong> \u00a1Una bomba siempre viene incluida en el paquete del HyFive! Por lo tanto, pide la bomba solo si tu bomba se ha perdido, est\u00e1 defectuosa o la garant\u00eda ya ha caducado. \n\n<strong>Color:<\/strong> chrome silver \/ chrome finish\n\n<strong>Bater\u00edas:<\/strong> Con las bater\u00edas cargadas, puedes inflar el HyFive hasta 3 veces (el World 2 veces, el City 3 veces). Para un uso muy corto (por ejemplo, un viaje al aeropuerto), basta con inflar el asiento hasta que parpadee en azul. Esto protege la bater\u00eda y permite m\u00e1s procesos de inflado. La bomba se carga de nuevo en aproximadamente 2-3 horas (aseg\u00farate de que el cargador USB suministre m\u00e1s de 1 Ah). Carga sencilla con el cable USB (est\u00e1ndar mundial), el cable est\u00e1 incluido con la bomba.   \n\n<strong>Transporte:<\/strong> F\u00e1cil de llevar a cualquier parte (en el avi\u00f3n, solo en el equipaje de mano, debido a la bater\u00eda). Lleva la bomba a casa en invierno. Esto prolonga considerablemente la vida \u00fatil de las bater\u00edas.  \n\n<strong>Funcionamiento de la bomba:<\/strong> Para protegerla de una activaci\u00f3n involuntaria, debes pulsar el bot\u00f3n 3 veces r\u00e1pidamente seguidas (despu\u00e9s parpadear\u00e1 lentamente en azul). Para encenderla, pulsa el bot\u00f3n una vez m\u00e1s (el proceso de inflado comienza). Si la bater\u00eda est\u00e1 vac\u00eda, el bot\u00f3n parpadear\u00e1 muy r\u00e1pidamente en azul.  \n\n<strong>Accesorios recomendados:<\/strong> El conector de coche de 12 V es realmente una gran ayuda si has planeado viajes largos con varias paradas. Con el conector de coche de 12 V, puedes operar la bomba directamente si el asiento necesita ser inflado m\u00e1s de 2-3 veces en el camino y no es posible recargarlo entre medias. El conector de coche de 12 V se puede usar normalmente como cable de carga entre medias.  ","protected":false},"excerpt":{"rendered":"<p>Adecuado para todo tipo de inflables, por ejemplo, manguitos, colchones de aire o balones. La bomba se apaga autom\u00e1ticamente a aproximadamente 1 bar (15 psi). <\/p>\n","protected":false},"featured_media":19213,"comment_status":"closed","ping_status":"closed","template":"","meta":{"_acf_changed":false,"inline_featured_image":false},"product_brand":[],"product_cat":[1447],"product_tag":[],"class_list":{"0":"post-19209","1":"product","2":"type-product","3":"status-publish","4":"has-post-thumbnail","6":"product_cat-piezas-de-repuesto","8":"first","9":"instock","10":"taxable","11":"shipping-taxable","12":"purchasable","13":"product-type-simple"},"acf":[],"_links":{"self":[{"href":"https:\/\/www.nachfolger.com\/es\/wp-json\/wp\/v2\/product\/19209","targetHints":{"allow":["GET"]}}],"collection":[{"href":"https:\/\/www.nachfolger.com\/es\/wp-json\/wp\/v2\/product"}],"about":[{"href":"https:\/\/www.nachfolger.com\/es\/wp-json\/wp\/v2\/types\/product"}],"replies":[{"embeddable":true,"href":"https:\/\/www.nachfolger.com\/es\/wp-json\/wp\/v2\/comments?post=19209"}],"wp:featuredmedia":[{"embeddable":true,"href":"https:\/\/www.nachfolger.com\/es\/wp-json\/wp\/v2\/media\/19213"}],"wp:attachment":[{"href":"https:\/\/www.nachfolger.com\/es\/wp-json\/wp\/v2\/media?parent=19209"}],"wp:term":[{"taxonomy":"product_brand","embeddable":true,"href":"https:\/\/www.nachfolger.com\/es\/wp-json\/wp\/v2\/product_brand?post=19209"},{"taxonomy":"product_cat","embeddable":true,"href":"https:\/\/www.nachfolger.com\/es\/wp-json\/wp\/v2\/product_cat?post=19209"},{"taxonomy":"product_tag","embeddable":true,"href":"https:\/\/www.nachfolger.com\/es\/wp-json\/wp\/v2\/product_tag?post=19209"}],"curies":[{"name":"wp","href":"https:\/\/api.w.org\/{rel}","templated":true}]}}