{"id":19353,"date":"2018-02-19T10:17:21","date_gmt":"2018-02-19T09:17:21","guid":{"rendered":"https:\/\/www.nachfolger.com\/shop\/mochila-de-viaje-hyfive\/"},"modified":"2026-04-14T12:27:40","modified_gmt":"2026-04-14T10:27:40","slug":"mochila-de-viaje-hyfive","status":"publish","type":"product","link":"https:\/\/www.nachfolger.com\/es\/shop\/mochila-de-viaje-hyfive\/","title":{"rendered":"Mochila de viaje HyFive"},"content":{"rendered":"<span style=\"font-size: 16px;\">La mochila de viaje de alta calidad es ideal para viajar de forma c\u00f3moda y segura. Est\u00e1 dise\u00f1ada a medida para la serie HyFive. <\/span>\n\n<span style=\"font-size: 16px;\">Volumen: 35 l<\/span>\n<ul>\n \t<li><span style=\"font-size: 16px;\">mochila elegante y ligera para toda la serie HyFive<\/span><span style=\"font-size: 16px;\">\n<\/span><\/li>\n \t<li><span style=\"font-size: 16px;\">con bolsillo exterior pr\u00e1ctico para objetos de valor<\/span><\/li>\n \t<li><span style=\"font-size: 16px;\">material repelente al agua y resistente<\/span><\/li>\n \t<li><span style=\"font-size: 16px;\">tirantes acolchados antideslizantes\n<\/span><\/li>\n \t<li><span style=\"font-size: 16px;\">base recubierta, resistente a la abrasi\u00f3n y al agua<\/span><\/li>\n \t<li><span style=\"font-size: 16px;\">red interior para la bomba<\/span><\/li>\n<\/ul>","protected":false},"excerpt":{"rendered":"<p>Ideal para viajar con el HyFive &#8211; WORLD o el HyFiveOneTT &#8211; CITY de forma c\u00f3moda y, sobre todo, con estilo.<\/p>\n","protected":false},"featured_media":19355,"comment_status":"closed","ping_status":"closed","template":"","meta":{"_acf_changed":false,"inline_featured_image":false},"product_brand":[],"product_cat":[1452],"product_tag":[],"class_list":{"0":"post-19353","1":"product","2":"type-product","3":"status-publish","4":"has-post-thumbnail","6":"product_cat-accesorios","8":"first","9":"instock","10":"taxable","11":"shipping-taxable","12":"purchasable","13":"product-type-variable","14":"has-default-attributes"},"acf":[],"_links":{"self":[{"href":"https:\/\/www.nachfolger.com\/es\/wp-json\/wp\/v2\/product\/19353","targetHints":{"allow":["GET"]}}],"collection":[{"href":"https:\/\/www.nachfolger.com\/es\/wp-json\/wp\/v2\/product"}],"about":[{"href":"https:\/\/www.nachfolger.com\/es\/wp-json\/wp\/v2\/types\/product"}],"replies":[{"embeddable":true,"href":"https:\/\/www.nachfolger.com\/es\/wp-json\/wp\/v2\/comments?post=19353"}],"wp:featuredmedia":[{"embeddable":true,"href":"https:\/\/www.nachfolger.com\/es\/wp-json\/wp\/v2\/media\/19355"}],"wp:attachment":[{"href":"https:\/\/www.nachfolger.com\/es\/wp-json\/wp\/v2\/media?parent=19353"}],"wp:term":[{"taxonomy":"product_brand","embeddable":true,"href":"https:\/\/www.nachfolger.com\/es\/wp-json\/wp\/v2\/product_brand?post=19353"},{"taxonomy":"product_cat","embeddable":true,"href":"https:\/\/www.nachfolger.com\/es\/wp-json\/wp\/v2\/product_cat?post=19353"},{"taxonomy":"product_tag","embeddable":true,"href":"https:\/\/www.nachfolger.com\/es\/wp-json\/wp\/v2\/product_tag?post=19353"}],"curies":[{"name":"wp","href":"https:\/\/api.w.org\/{rel}","templated":true}]}}