{"id":19371,"date":"2018-06-15T10:57:19","date_gmt":"2018-06-15T08:57:19","guid":{"rendered":"https:\/\/www.nachfolger.com\/shop\/funda-de-verano-hyfive\/"},"modified":"2026-04-14T12:38:14","modified_gmt":"2026-04-14T10:38:14","slug":"funda-de-verano-hyfive","status":"publish","type":"product","link":"https:\/\/www.nachfolger.com\/es\/shop\/funda-de-verano-hyfive\/","title":{"rendered":"Funda de verano HyFive"},"content":{"rendered":"<span style=\"font-size: 16px;\">Tu hijo se sentir\u00e1 siempre a gusto, porque el comfort inlay abriga en invierno, absorbe el sudor en verano y garantiza una circulaci\u00f3n de aire activa.<\/span>\n\n<span style=\"font-size: 16px;\">Puedes usar el lado gris tanto en verano como en invierno: en verano absorbe bien el sudor y en invierno el inlay mantiene a tu hijo calentito. El lado blanco est\u00e1 pensado para los d\u00edas calurosos, ya que el tejido 3D mesh garantiza una circulaci\u00f3n de aire constante, disipa el calor generado y evita la sudoraci\u00f3n.   <\/span>\n\n<span style=\"font-size: 16px;\">Color: gris\/blanco<\/span>\n<ul>\n \t<li><span style=\"font-size: 16px;\">\u00a1Talla \u00fanica! \u00a1Compatible con todos los modelos!   <\/span><\/li>\n \t<li><span style=\"font-size: 16px;\">Circulaci\u00f3n de aire activa gracias al tejido de malla 3D\n<\/span><\/li>\n \t<li><span style=\"font-size: 16px;\">F\u00e1cil y r\u00e1pido de colocar<\/span><\/li>\n \t<li><span style=\"font-size: 16px;\">Funci\u00f3n reversible: un lado para el verano y otro para el invierno<\/span><\/li>\n \t<li><span style=\"font-size: 16px;\">3D mesh para los d\u00edas calurosos de verano<\/span><\/li>\n \t<li>\u00a1Rizo para el invierno!<\/li>\n \t<li>\u00a1Pr\u00e1ctico! L\u00e1valo f\u00e1cilmente en la lavadora. <\/li>\n<\/ul>\nSi tienes m\u00e1s preguntas, ponte en contacto con nuestro <a href=\"mailto:info@nachfolger.com\">equipo<\/a>.","protected":false},"excerpt":{"rendered":"<p>La colchoneta clara abriga en invierno y absorbe el sudor en verano, para un confort de viaje agradable.<\/p>\n","protected":false},"featured_media":19372,"comment_status":"closed","ping_status":"closed","template":"","meta":{"_acf_changed":false,"inline_featured_image":false},"product_brand":[],"product_cat":[1452],"product_tag":[],"class_list":{"0":"post-19371","1":"product","2":"type-product","3":"status-publish","4":"has-post-thumbnail","6":"product_cat-accesorios","8":"first","9":"instock","10":"taxable","11":"shipping-taxable","12":"purchasable","13":"product-type-simple"},"acf":[],"_links":{"self":[{"href":"https:\/\/www.nachfolger.com\/es\/wp-json\/wp\/v2\/product\/19371","targetHints":{"allow":["GET"]}}],"collection":[{"href":"https:\/\/www.nachfolger.com\/es\/wp-json\/wp\/v2\/product"}],"about":[{"href":"https:\/\/www.nachfolger.com\/es\/wp-json\/wp\/v2\/types\/product"}],"replies":[{"embeddable":true,"href":"https:\/\/www.nachfolger.com\/es\/wp-json\/wp\/v2\/comments?post=19371"}],"wp:featuredmedia":[{"embeddable":true,"href":"https:\/\/www.nachfolger.com\/es\/wp-json\/wp\/v2\/media\/19372"}],"wp:attachment":[{"href":"https:\/\/www.nachfolger.com\/es\/wp-json\/wp\/v2\/media?parent=19371"}],"wp:term":[{"taxonomy":"product_brand","embeddable":true,"href":"https:\/\/www.nachfolger.com\/es\/wp-json\/wp\/v2\/product_brand?post=19371"},{"taxonomy":"product_cat","embeddable":true,"href":"https:\/\/www.nachfolger.com\/es\/wp-json\/wp\/v2\/product_cat?post=19371"},{"taxonomy":"product_tag","embeddable":true,"href":"https:\/\/www.nachfolger.com\/es\/wp-json\/wp\/v2\/product_tag?post=19371"}],"curies":[{"name":"wp","href":"https:\/\/api.w.org\/{rel}","templated":true}]}}