{"id":19379,"date":"2018-02-19T10:30:55","date_gmt":"2018-02-19T09:30:55","guid":{"rendered":"https:\/\/www.nachfolger.com\/shop\/hyfive-enchufe-de-coche-de-12v\/"},"modified":"2026-04-14T12:21:30","modified_gmt":"2026-04-14T10:21:30","slug":"hyfive-enchufe-de-coche-de-12v","status":"publish","type":"product","link":"https:\/\/www.nachfolger.com\/es\/shop\/hyfive-enchufe-de-coche-de-12v\/","title":{"rendered":"HyFive &#8211; Enchufe de coche de 12V"},"content":{"rendered":"Para unas vacaciones relajadas.\n\nEl enchufe de coche de 12V es adecuado para la bomba de alto rendimiento nachfolger. Con el enchufe de coche de 12V, puedes operar la bomba directamente e inflar el asiento, incluso si la bater\u00eda est\u00e1 descargada. Para viajes largos, con varias interrupciones, donde el HyFive debe desinflarse y volverse a inflar m\u00e1s de 2 veces, el enchufe de coche de 12V es justo lo que necesitas.   ","protected":false},"excerpt":{"rendered":"<p>Para unas vacaciones relajadas. El enchufe de coche de 12V es adecuado para la bomba de alto rendimiento nachfolger. Con el enchufe de coche de 12V, puedes operar la bomba directamente e inflar el asiento, incluso si la bater\u00eda est\u00e1 descargada. Para viajes largos, con varias interrupciones, donde el HyFive debe desinflarse y volverse a [&hellip;]<\/p>\n","protected":false},"featured_media":19380,"comment_status":"closed","ping_status":"closed","template":"","meta":{"_acf_changed":false,"inline_featured_image":false},"product_brand":[],"product_cat":[1452],"product_tag":[],"class_list":{"0":"post-19379","1":"product","2":"type-product","3":"status-publish","4":"has-post-thumbnail","6":"product_cat-accesorios","8":"first","9":"instock","10":"taxable","11":"shipping-taxable","12":"purchasable","13":"product-type-simple"},"acf":[],"_links":{"self":[{"href":"https:\/\/www.nachfolger.com\/es\/wp-json\/wp\/v2\/product\/19379","targetHints":{"allow":["GET"]}}],"collection":[{"href":"https:\/\/www.nachfolger.com\/es\/wp-json\/wp\/v2\/product"}],"about":[{"href":"https:\/\/www.nachfolger.com\/es\/wp-json\/wp\/v2\/types\/product"}],"replies":[{"embeddable":true,"href":"https:\/\/www.nachfolger.com\/es\/wp-json\/wp\/v2\/comments?post=19379"}],"wp:featuredmedia":[{"embeddable":true,"href":"https:\/\/www.nachfolger.com\/es\/wp-json\/wp\/v2\/media\/19380"}],"wp:attachment":[{"href":"https:\/\/www.nachfolger.com\/es\/wp-json\/wp\/v2\/media?parent=19379"}],"wp:term":[{"taxonomy":"product_brand","embeddable":true,"href":"https:\/\/www.nachfolger.com\/es\/wp-json\/wp\/v2\/product_brand?post=19379"},{"taxonomy":"product_cat","embeddable":true,"href":"https:\/\/www.nachfolger.com\/es\/wp-json\/wp\/v2\/product_cat?post=19379"},{"taxonomy":"product_tag","embeddable":true,"href":"https:\/\/www.nachfolger.com\/es\/wp-json\/wp\/v2\/product_tag?post=19379"}],"curies":[{"name":"wp","href":"https:\/\/api.w.org\/{rel}","templated":true}]}}