{"id":19390,"date":"2018-11-27T15:48:35","date_gmt":"2018-11-27T14:48:35","guid":{"rendered":"https:\/\/www.nachfolger.com\/shop\/parasol-hy5\/"},"modified":"2026-04-14T12:21:48","modified_gmt":"2026-04-14T10:21:48","slug":"parasol-hy5","status":"publish","type":"product","link":"https:\/\/www.nachfolger.com\/es\/shop\/parasol-hy5\/","title":{"rendered":"Parasol HY5"},"content":{"rendered":"<span style=\"font-size: 16px;\">Disfruta de los viajes en coche relajadamente incluso en verano sin que el sol te deslumbre. El pr\u00e1ctico parasol protege a tu hijo de la radiaci\u00f3n solar intensa. El parasol es compatible con las series HY5 y HY5.1.  <\/span>\n\n<span style=\"font-size: 16px;\">Color: negro<\/span>\n<ul>\n \t<li><span style=\"font-size: 16px;\">Instalaci\u00f3n sencilla<\/span><\/li>\n \t<li><span style=\"font-size: 16px;\">Buena protecci\u00f3n solar<\/span><\/li>\n \t<li><span style=\"font-size: 16px;\">Tejido de malla 3D <\/span><\/li>\n<\/ul>","protected":false},"excerpt":{"rendered":"<p>El pr\u00e1ctico parasol protege a tu hijo de la radiaci\u00f3n solar intensa. Plazo de entrega: 3-5 d\u00edas laborables <\/p>\n","protected":false},"featured_media":19392,"comment_status":"closed","ping_status":"closed","template":"","meta":{"_acf_changed":false,"inline_featured_image":false},"product_brand":[],"product_cat":[1452],"product_tag":[],"class_list":{"0":"post-19390","1":"product","2":"type-product","3":"status-publish","4":"has-post-thumbnail","6":"product_cat-accesorios","8":"first","9":"outofstock","10":"taxable","11":"shipping-taxable","12":"purchasable","13":"product-type-simple"},"acf":[],"_links":{"self":[{"href":"https:\/\/www.nachfolger.com\/es\/wp-json\/wp\/v2\/product\/19390","targetHints":{"allow":["GET"]}}],"collection":[{"href":"https:\/\/www.nachfolger.com\/es\/wp-json\/wp\/v2\/product"}],"about":[{"href":"https:\/\/www.nachfolger.com\/es\/wp-json\/wp\/v2\/types\/product"}],"replies":[{"embeddable":true,"href":"https:\/\/www.nachfolger.com\/es\/wp-json\/wp\/v2\/comments?post=19390"}],"wp:featuredmedia":[{"embeddable":true,"href":"https:\/\/www.nachfolger.com\/es\/wp-json\/wp\/v2\/media\/19392"}],"wp:attachment":[{"href":"https:\/\/www.nachfolger.com\/es\/wp-json\/wp\/v2\/media?parent=19390"}],"wp:term":[{"taxonomy":"product_brand","embeddable":true,"href":"https:\/\/www.nachfolger.com\/es\/wp-json\/wp\/v2\/product_brand?post=19390"},{"taxonomy":"product_cat","embeddable":true,"href":"https:\/\/www.nachfolger.com\/es\/wp-json\/wp\/v2\/product_cat?post=19390"},{"taxonomy":"product_tag","embeddable":true,"href":"https:\/\/www.nachfolger.com\/es\/wp-json\/wp\/v2\/product_tag?post=19390"}],"curies":[{"name":"wp","href":"https:\/\/api.w.org\/{rel}","templated":true}]}}