{"id":19425,"date":"2021-03-18T15:07:27","date_gmt":"2021-03-18T14:07:27","guid":{"rendered":"https:\/\/www.nachfolger.com\/shop\/set-de-viaje-hyfive\/"},"modified":"2026-04-14T12:38:11","modified_gmt":"2026-04-14T10:38:11","slug":"set-de-viaje-hyfive","status":"publish","type":"product","link":"https:\/\/www.nachfolger.com\/es\/shop\/set-de-viaje-hyfive\/","title":{"rendered":"Set de viaje HyFive"},"content":{"rendered":"<span title=\"\"><span dir=\"auto\" style=\"vertical-align: inherit;\"><span dir=\"auto\" style=\"vertical-align: inherit;\"><span dir=\"auto\" style=\"vertical-align: inherit;\"><span dir=\"auto\" style=\"vertical-align: inherit;\">\u00a1Disfruta de tus vacaciones y ll\u00e9vate el sucesor\u00ae HyFive a bordo!<\/span><\/span><\/span><\/span><\/span>\n\n<br class=\"avia-permanent-lb\"><strong><span title=\"\"><span dir=\"auto\" style=\"vertical-align: inherit;\"><span dir=\"auto\" style=\"vertical-align: inherit;\"><span dir=\"auto\" style=\"vertical-align: inherit;\"><span dir=\"auto\" style=\"vertical-align: inherit;\">El set de viaje incluye:<\/span><\/span><\/span><\/span><\/span><\/strong>\n<ul>\n \t<li><span title=\"\"><span dir=\"auto\" style=\"vertical-align: inherit;\"><span dir=\"auto\" style=\"vertical-align: inherit;\"><span dir=\"auto\" style=\"vertical-align: inherit;\"><span dir=\"auto\" style=\"vertical-align: inherit;\">Adaptador de coche de 12 V: permite que la bomba funcione directamente con el cable, incluso si la bater\u00eda est\u00e1 agotada. En viajes largos, puede que necesites desinflar e inflar m\u00e1s de dos veces. \u00a1Sin problema! Adem\u00e1s, tambi\u00e9n sirve para cargar la bomba.   <\/span><\/span><\/span><\/span>\n<\/span><\/li>\n \t<li><span title=\"\"><span dir=\"auto\" style=\"vertical-align: inherit;\"><span dir=\"auto\" style=\"vertical-align: inherit;\"><span dir=\"auto\" style=\"vertical-align: inherit;\"><span dir=\"auto\" style=\"vertical-align: inherit;\">Acortador de cintur\u00f3n HY5: el clip acortador ayuda a ajustar ligeramente la longitud del cintur\u00f3n del avi\u00f3n. La hebilla debe quedar siempre centrada sobre la pinza del cintur\u00f3n para que pueda abrirse f\u00e1cilmente en cualquier momento y no moleste al sentarse. <\/span><\/span><\/span><\/span>\n<\/span><\/li>\n<\/ul>","protected":false},"excerpt":{"rendered":"<p><span dir=\"auto\" style=\"vertical-align: inherit;\"><span dir=\"auto\" style=\"vertical-align: inherit;\"><span dir=\"auto\" style=\"vertical-align: inherit;\"><span dir=\"auto\" style=\"vertical-align: inherit;\">\u00a1Disfruta de tu libertad con el exitoso set de viaje HyFive, perfecto para trayectos largos e inflados frecuentes!<\/span><\/span><\/span><\/span><\/p>\n","protected":false},"featured_media":19426,"comment_status":"closed","ping_status":"closed","template":"","meta":{"_acf_changed":false,"inline_featured_image":false},"product_brand":[],"product_cat":[1452],"product_tag":[],"class_list":{"0":"post-19425","1":"product","2":"type-product","3":"status-publish","4":"has-post-thumbnail","6":"product_cat-accesorios","8":"first","9":"instock","10":"taxable","11":"shipping-taxable","12":"purchasable","13":"product-type-simple"},"acf":[],"_links":{"self":[{"href":"https:\/\/www.nachfolger.com\/es\/wp-json\/wp\/v2\/product\/19425","targetHints":{"allow":["GET"]}}],"collection":[{"href":"https:\/\/www.nachfolger.com\/es\/wp-json\/wp\/v2\/product"}],"about":[{"href":"https:\/\/www.nachfolger.com\/es\/wp-json\/wp\/v2\/types\/product"}],"replies":[{"embeddable":true,"href":"https:\/\/www.nachfolger.com\/es\/wp-json\/wp\/v2\/comments?post=19425"}],"wp:featuredmedia":[{"embeddable":true,"href":"https:\/\/www.nachfolger.com\/es\/wp-json\/wp\/v2\/media\/19426"}],"wp:attachment":[{"href":"https:\/\/www.nachfolger.com\/es\/wp-json\/wp\/v2\/media?parent=19425"}],"wp:term":[{"taxonomy":"product_brand","embeddable":true,"href":"https:\/\/www.nachfolger.com\/es\/wp-json\/wp\/v2\/product_brand?post=19425"},{"taxonomy":"product_cat","embeddable":true,"href":"https:\/\/www.nachfolger.com\/es\/wp-json\/wp\/v2\/product_cat?post=19425"},{"taxonomy":"product_tag","embeddable":true,"href":"https:\/\/www.nachfolger.com\/es\/wp-json\/wp\/v2\/product_tag?post=19425"}],"curies":[{"name":"wp","href":"https:\/\/api.w.org\/{rel}","templated":true}]}}