{"id":19447,"date":"2026-02-17T14:02:58","date_gmt":"2026-02-17T13:02:58","guid":{"rendered":"https:\/\/www.nachfolger.com\/shop\/correa-de-sujecion\/"},"modified":"2026-04-14T12:23:47","modified_gmt":"2026-04-14T10:23:47","slug":"correa-de-sujecion","status":"publish","type":"product","link":"https:\/\/www.nachfolger.com\/es\/shop\/correa-de-sujecion\/","title":{"rendered":"Correa de sujeci\u00f3n"},"content":{"rendered":"La correa tensora nachfolger\u00ae de casi 3 metros (Tether Strap) es ideal para fijar objetos en el veh\u00edculo. Piezas sueltas, bicicletas, cajas\u2026 todo lo que transportes puede convertirse en un gran peligro para todos los ocupantes; por eso ofrecemos esta correa de sujeci\u00f3n con indicador de carga, inspirada en los asientos infantiles y sus distintas opciones de fijaci\u00f3n. Adem\u00e1s, el montaje es muy sencillo y se hace en unos pocos pasos. La cinta es id\u00e9ntica a la de nuestros asientos infantiles y est\u00e1 probada y homologada seg\u00fan UN ECE R44 y R129. Este sistema permite fijar objetos pesados para que, en caso de accidente, no salgan despedidos por el veh\u00edculo y puedan incluso lesionar a los pasajeros.    ","protected":false},"excerpt":{"rendered":"<p>La correa tensora nachfolger\u00ae de casi 3 metros (Tether Strap) es ideal para fijar objetos en el veh\u00edculo. Piezas sueltas, bicicletas, cajas\u2026 todo lo que transportes puede convertirse en un gran peligro para todos los ocupantes; por eso ofrecemos esta correa de sujeci\u00f3n con indicador de carga, inspirada en los asientos infantiles y sus distintas [&hellip;]<\/p>\n","protected":false},"featured_media":19448,"comment_status":"closed","ping_status":"closed","template":"","meta":{"_acf_changed":false,"inline_featured_image":false},"product_brand":[],"product_cat":[1447],"product_tag":[],"class_list":{"0":"post-19447","1":"product","2":"type-product","3":"status-publish","4":"has-post-thumbnail","6":"product_cat-piezas-de-repuesto","8":"first","9":"instock","10":"sale","11":"taxable","12":"shipping-taxable","13":"purchasable","14":"product-type-simple"},"acf":[],"_links":{"self":[{"href":"https:\/\/www.nachfolger.com\/es\/wp-json\/wp\/v2\/product\/19447","targetHints":{"allow":["GET"]}}],"collection":[{"href":"https:\/\/www.nachfolger.com\/es\/wp-json\/wp\/v2\/product"}],"about":[{"href":"https:\/\/www.nachfolger.com\/es\/wp-json\/wp\/v2\/types\/product"}],"replies":[{"embeddable":true,"href":"https:\/\/www.nachfolger.com\/es\/wp-json\/wp\/v2\/comments?post=19447"}],"wp:featuredmedia":[{"embeddable":true,"href":"https:\/\/www.nachfolger.com\/es\/wp-json\/wp\/v2\/media\/19448"}],"wp:attachment":[{"href":"https:\/\/www.nachfolger.com\/es\/wp-json\/wp\/v2\/media?parent=19447"}],"wp:term":[{"taxonomy":"product_brand","embeddable":true,"href":"https:\/\/www.nachfolger.com\/es\/wp-json\/wp\/v2\/product_brand?post=19447"},{"taxonomy":"product_cat","embeddable":true,"href":"https:\/\/www.nachfolger.com\/es\/wp-json\/wp\/v2\/product_cat?post=19447"},{"taxonomy":"product_tag","embeddable":true,"href":"https:\/\/www.nachfolger.com\/es\/wp-json\/wp\/v2\/product_tag?post=19447"}],"curies":[{"name":"wp","href":"https:\/\/api.w.org\/{rel}","templated":true}]}}