{"id":19464,"date":"2026-02-17T15:50:54","date_gmt":"2026-02-17T14:50:54","guid":{"rendered":"https:\/\/www.nachfolger.com\/shop\/cable-de-carga-usb-c-hyfive\/"},"modified":"2026-04-14T12:24:01","modified_gmt":"2026-04-14T10:24:01","slug":"cable-de-carga-usb-c-hyfive","status":"publish","type":"product","link":"https:\/\/www.nachfolger.com\/es\/shop\/cable-de-carga-usb-c-hyfive\/","title":{"rendered":"Cable de carga USB-C HyFive"},"content":{"rendered":"El cable de carga USB-C es adecuado para cargar la bomba de alto rendimiento nachfolger para el pr\u00f3ximo uso. El cargador USB-C tiene un peque\u00f1o LED que se ilumina en rojo cuando est\u00e1 cargando. La peque\u00f1a luz roja se vuelve verde cuando la bomba est\u00e1 completamente cargada. Sin embargo, la bomba puede seguir cargando incluso si el LED ya est\u00e1 en verde.   \n\nEl adaptador debe tener al menos 1 Ah de potencia de salida o m\u00e1s (m\u00edn. 5 vatios), ya que de lo contrario el proceso de carga tardar\u00e1 mucho o la bomba no cargar\u00e1 en absoluto. Si utilizas el cable de carga USB-C HyFive en el coche o en el avi\u00f3n, aseg\u00farate tambi\u00e9n de que siempre haya m\u00e1s de 1 Ah disponible, ya que de lo contrario podr\u00edan producirse las consecuencias mencionadas. \n\nEn tales casos, te recomendamos llevar una Power Bank, ya que la fuente de alimentaci\u00f3n a bordo suele ser algo d\u00e9bil para cargar la bomba, por ejemplo, durante un vuelo.","protected":false},"excerpt":{"rendered":"<p>El cable de carga USB-C es adecuado para cargar la bomba de alto rendimiento nachfolger para el pr\u00f3ximo uso. El cargador USB-C tiene un peque\u00f1o LED que se ilumina en rojo cuando est\u00e1 cargando. La peque\u00f1a luz roja se vuelve verde cuando la bomba est\u00e1 completamente cargada. Sin embargo, la bomba puede seguir cargando incluso [&hellip;]<\/p>\n","protected":false},"featured_media":19465,"comment_status":"open","ping_status":"closed","template":"","meta":{"_acf_changed":false,"inline_featured_image":false},"product_brand":[],"product_cat":[1447],"product_tag":[],"class_list":{"0":"post-19464","1":"product","2":"type-product","3":"status-publish","4":"has-post-thumbnail","6":"product_cat-piezas-de-repuesto","8":"first","9":"instock","10":"taxable","11":"shipping-taxable","12":"purchasable","13":"product-type-simple"},"acf":[],"_links":{"self":[{"href":"https:\/\/www.nachfolger.com\/es\/wp-json\/wp\/v2\/product\/19464","targetHints":{"allow":["GET"]}}],"collection":[{"href":"https:\/\/www.nachfolger.com\/es\/wp-json\/wp\/v2\/product"}],"about":[{"href":"https:\/\/www.nachfolger.com\/es\/wp-json\/wp\/v2\/types\/product"}],"replies":[{"embeddable":true,"href":"https:\/\/www.nachfolger.com\/es\/wp-json\/wp\/v2\/comments?post=19464"}],"wp:featuredmedia":[{"embeddable":true,"href":"https:\/\/www.nachfolger.com\/es\/wp-json\/wp\/v2\/media\/19465"}],"wp:attachment":[{"href":"https:\/\/www.nachfolger.com\/es\/wp-json\/wp\/v2\/media?parent=19464"}],"wp:term":[{"taxonomy":"product_brand","embeddable":true,"href":"https:\/\/www.nachfolger.com\/es\/wp-json\/wp\/v2\/product_brand?post=19464"},{"taxonomy":"product_cat","embeddable":true,"href":"https:\/\/www.nachfolger.com\/es\/wp-json\/wp\/v2\/product_cat?post=19464"},{"taxonomy":"product_tag","embeddable":true,"href":"https:\/\/www.nachfolger.com\/es\/wp-json\/wp\/v2\/product_tag?post=19464"}],"curies":[{"name":"wp","href":"https:\/\/api.w.org\/{rel}","templated":true}]}}