{"id":19472,"date":"2026-02-17T15:21:31","date_gmt":"2026-02-17T14:21:31","guid":{"rendered":"https:\/\/www.nachfolger.com\/shop\/adaptador-usb-c-10-w\/"},"modified":"2026-04-14T12:24:04","modified_gmt":"2026-04-14T10:24:04","slug":"adaptador-usb-c-10-w","status":"publish","type":"product","link":"https:\/\/www.nachfolger.com\/es\/shop\/adaptador-usb-c-10-w\/","title":{"rendered":"Adaptador USB-C (10 W)"},"content":{"rendered":"El pr\u00e1ctico adaptador USB-C universal para todas las tomas de corriente habituales de 100-240 V de entrada y 10 W de salida para cargar r\u00e1pidamente la bomba nachfolger HyFive. Si quieres un cargador con el USB-A m\u00e1s grande, ind\u00edcalo en tu pedido; tambi\u00e9n los tenemos, aunque ya no los ofrecemos oficialmente. Para los abogados: \u00a1hasta agotar existencias! ","protected":false},"excerpt":{"rendered":"<p>El pr\u00e1ctico adaptador USB-C universal para todas las tomas de corriente habituales de 100-240 V de entrada y 10 W de salida para cargar r\u00e1pidamente la bomba nachfolger HyFive. Si quieres un cargador con el USB-A m\u00e1s grande, ind\u00edcalo en tu pedido; tambi\u00e9n los tenemos, aunque ya no los ofrecemos oficialmente. Para los abogados: \u00a1hasta [&hellip;]<\/p>\n","protected":false},"featured_media":19480,"comment_status":"closed","ping_status":"closed","template":"","meta":{"_acf_changed":false,"inline_featured_image":false},"product_brand":[],"product_cat":[1447],"product_tag":[],"class_list":{"0":"post-19472","1":"product","2":"type-product","3":"status-publish","4":"has-post-thumbnail","6":"product_cat-piezas-de-repuesto","8":"first","9":"instock","10":"sale","11":"taxable","12":"shipping-taxable","13":"purchasable","14":"product-type-simple"},"acf":[],"_links":{"self":[{"href":"https:\/\/www.nachfolger.com\/es\/wp-json\/wp\/v2\/product\/19472","targetHints":{"allow":["GET"]}}],"collection":[{"href":"https:\/\/www.nachfolger.com\/es\/wp-json\/wp\/v2\/product"}],"about":[{"href":"https:\/\/www.nachfolger.com\/es\/wp-json\/wp\/v2\/types\/product"}],"replies":[{"embeddable":true,"href":"https:\/\/www.nachfolger.com\/es\/wp-json\/wp\/v2\/comments?post=19472"}],"wp:featuredmedia":[{"embeddable":true,"href":"https:\/\/www.nachfolger.com\/es\/wp-json\/wp\/v2\/media\/19480"}],"wp:attachment":[{"href":"https:\/\/www.nachfolger.com\/es\/wp-json\/wp\/v2\/media?parent=19472"}],"wp:term":[{"taxonomy":"product_brand","embeddable":true,"href":"https:\/\/www.nachfolger.com\/es\/wp-json\/wp\/v2\/product_brand?post=19472"},{"taxonomy":"product_cat","embeddable":true,"href":"https:\/\/www.nachfolger.com\/es\/wp-json\/wp\/v2\/product_cat?post=19472"},{"taxonomy":"product_tag","embeddable":true,"href":"https:\/\/www.nachfolger.com\/es\/wp-json\/wp\/v2\/product_tag?post=19472"}],"curies":[{"name":"wp","href":"https:\/\/api.w.org\/{rel}","templated":true}]}}