{"id":19064,"date":"2026-04-14T12:11:41","date_gmt":"2026-04-14T10:11:41","guid":{"rendered":"https:\/\/www.nachfolger.com\/modes-dexpedition\/"},"modified":"2026-04-14T17:43:36","modified_gmt":"2026-04-14T15:43:36","slug":"modes-dexpedition","status":"publish","type":"page","link":"https:\/\/www.nachfolger.com\/fr\/modes-dexpedition\/","title":{"rendered":"Modes d\u2019exp\u00e9dition"},"content":{"rendered":"<div id='av_section_1'  class='avia-section av-9fef0q-65fa9daf52d1fc5a5cd83db4e0f75c97 main_color avia-section-large avia-no-border-styling  avia-builder-el-0  avia-builder-el-no-sibling  layout-boxed avia-bg-style-scroll container_wrap fullsize'  ><div class='container av-section-cont-open' ><main  role=\"main\" itemprop=\"mainContentOfPage\"  class='template-page content  av-content-full alpha units'><div class='post-entry post-entry-type-page post-entry-19064'><div class='entry-content-wrapper clearfix'>\n\n\n<style type=\"text\/css\" data-created_by=\"avia_inline_auto\" id=\"style-css-av-70d9t6-7cb72954c6fb3b52e5c883c813198e4c\">\n.flex_column.av-70d9t6-7cb72954c6fb3b52e5c883c813198e4c{\nborder-radius:0px 0px 0px 0px;\npadding:0px 0px 0px 0px;\n}\n<\/style>\n<div  class='flex_column av-70d9t6-7cb72954c6fb3b52e5c883c813198e4c av_one_full  avia-builder-el-1  avia-builder-el-no-sibling  first flex_column_div av-zero-column-padding  '     ><section  class='av_textblock_section av-5ikz0q-c3800ae33360ee0d18d1d7e52ff46861 '   itemscope=\"itemscope\" itemtype=\"https:\/\/schema.org\/CreativeWork\" ><div class='avia_textblock'  itemprop=\"text\" ><h3>Livraison &amp; frais<\/h3>\n<\/div><\/section>\n\n<style type=\"text\/css\" data-created_by=\"avia_inline_auto\" id=\"style-css-av-42zc0q-e86d35267310a1bea11a323044313c8c\">\n#top .hr.hr-invisible.av-42zc0q-e86d35267310a1bea11a323044313c8c{\nheight:50px;\n}\n<\/style>\n<div  class='hr av-42zc0q-e86d35267310a1bea11a323044313c8c hr-invisible  avia-builder-el-3  el_after_av_textblock  el_before_av_textblock '><span class='hr-inner '><span class=\"hr-inner-style\"><\/span><\/span><\/div>\n<section  class='av_textblock_section av-2wjrqi-ae64b396cec020d3ccf77f3361215c55 '   itemscope=\"itemscope\" itemtype=\"https:\/\/schema.org\/CreativeWork\" ><div class='avia_textblock'  itemprop=\"text\" ><h4>INFORMATIONS D\u2019EXP\u00c9DITION :<\/h4>\n<p>Par d\u00e9faut, nous exp\u00e9dions uniquement vers les pays list\u00e9s ci-dessous, selon la nature et le volume de ta commande. La livraison et les retours sont gratuits \u00e0 partir d\u2019un montant de commande de 75,- EUR. <\/p>\n<p>Si tu souhaites une exp\u00e9dition vers un autre pays, \u00e9cris-nous un e-mail \u00e0 <a href=\"mailto:sales@nachfolger.com\" target=\"_blank\" rel=\"noopener\">sales@nachfolger.com<\/a> en indiquant l\u2019article, la quantit\u00e9 et l\u2019adresse de livraison avec le pays et le code postal correspondant. Nous te dirons rapidement si nous pouvons exp\u00e9dier vers le pays souhait\u00e9 et, le cas \u00e9ch\u00e9ant, nous te communiquerons les frais d\u2019exp\u00e9dition, car nous devons v\u00e9rifier au pr\u00e9alable les possibilit\u00e9s d\u2019exp\u00e9dition et les co\u00fbts aupr\u00e8s de notre partenaire logistique. <\/p>\n<h4>EXP\u00c9DITION CONTRE REMBOURSEMENT :<\/h4>\n<p>Pour une exp\u00e9dition contre remboursement, nous facturons un suppl\u00e9ment de 30 \u20ac. En plus, l\u2019entreprise de transport mandat\u00e9e par nos soins facture, \u00e0 la livraison, des frais de transmission de 30 \u20ac pour les envois contre remboursement. <\/p>\n<h4>EXP\u00c9DITION \u00c0 L\u2019\u00c9TRANGER :<\/h4>\n<p>Belgique (d\u00e9lai de livraison 3-5 jours ouvr\u00e9s)<\/p>\n<p>Bulgarie (d\u00e9lai de livraison 3-5 jours ouvr\u00e9s)<\/p>\n<p>Danemark (d\u00e9lai de livraison 3-5 jours ouvr\u00e9s)<\/p>\n<p>Allemagne (d\u00e9lai de livraison 3-5 jours ouvr\u00e9s)<\/p>\n<p>Estonie (d\u00e9lai de livraison 5-7 jours ouvr\u00e9s)<\/p>\n<p>Finlande (d\u00e9lai de livraison 5-7 jours ouvr\u00e9s)<\/p>\n<p>France (d\u00e9lai de livraison 5-7 jours ouvr\u00e9s)<\/p>\n<p>Gr\u00e8ce (d\u00e9lai de livraison 5-7 jours ouvr\u00e9s)<\/p>\n<p>Royaume-Uni (d\u00e9lai de livraison 5-7 jours ouvr\u00e9s)<\/p>\n<p>Irlande (d\u00e9lai de livraison 5-7 jours ouvr\u00e9s)<\/p>\n<p>Italie (d\u00e9lai de livraison 3-5 jours ouvr\u00e9s)<\/p>\n<p>Croatie (d\u00e9lai de livraison 3-5 jours ouvr\u00e9s)<\/p>\n<p>Lettonie (d\u00e9lai de livraison 3-5 jours ouvr\u00e9s)<\/p>\n<p>Lituanie (d\u00e9lai de livraison 3-5 jours ouvr\u00e9s)<\/p>\n<p>Luxembourg (d\u00e9lai de livraison 3-5 jours ouvr\u00e9s)<\/p>\n<p>Pays-Bas (d\u00e9lai de livraison 3-5 jours ouvr\u00e9s)<\/p>\n<p>Norv\u00e8ge (d\u00e9lai de livraison 5-7 jours ouvr\u00e9s)<\/p>\n<p>Autriche (d\u00e9lai de livraison 2-3 jours ouvr\u00e9s)<\/p>\n<p>Pologne (d\u00e9lai de livraison 3-5 jours ouvr\u00e9s)<\/p>\n<p>Portugal (d\u00e9lai de livraison 5-7 jours ouvr\u00e9s)<\/p>\n<p>Roumanie (d\u00e9lai de livraison 3-5 jours ouvr\u00e9s)<\/p>\n<p>Su\u00e8de (d\u00e9lai de livraison 3-5 jours ouvr\u00e9s)<\/p>\n<p>Suisse (d\u00e9lai de livraison 3-5 jours ouvr\u00e9s)<\/p>\n<p>Slovaquie (d\u00e9lai de livraison 3-5 jours ouvr\u00e9s)<\/p>\n<p>Slov\u00e9nie (d\u00e9lai de livraison 3-5 jours ouvr\u00e9s)<\/p>\n<p>Espagne (d\u00e9lai de livraison 5-7 jours ouvr\u00e9s)<\/p>\n<p>R\u00e9publique tch\u00e8que (d\u00e9lai de livraison 3-5 jours ouvr\u00e9s)<\/p>\n<p>Hongrie (d\u00e9lai de livraison 3-5 jours ouvr\u00e9s)<\/p>\n<p>Les \u00eeles (y compris dans l\u2019UE) sont exclues de la livraison gratuite !<\/p>\n<p>Nous faisons de notre mieux pour livrer ta commande le plus rapidement possible. Les commandes sont livr\u00e9es du lundi au vendredi, hors jours f\u00e9ri\u00e9s. Note que les intemp\u00e9ries, les pics d\u2019achats saisonniers ou les jours f\u00e9ri\u00e9s peuvent retarder la livraison de ta commande.  <\/p>\n<h4>EXCLUSIONS DE LIVRAISON<\/h4>\n<p>Les destinations suivantes ne peuvent malheureusement pas \u00eatre livr\u00e9es (ou seulement avec des frais de livraison tr\u00e8s \u00e9lev\u00e9s) :<br \/>\n\u00celes \u00c5land<br \/>\nAndorre<br \/>\nBal\u00e9ares<br \/>\nCanaries<br \/>\n\u00celes Anglo-Normandes<br \/>\nCeuta<br \/>\nAntilles n\u00e9erlandaises<br \/>\nF\u00e9ro\u00e9<br \/>\nDOM-TOM fran\u00e7ais, CTOM, Nouvelle-Cal\u00e9donie et Cityssimo<br \/>\nGibraltar<br \/>\nGroenland<br \/>\nLiechtenstein<br \/>\nMelilla<br \/>\nMont Athos<br \/>\nSaint-Marin<br \/>\nTurquie<br \/>\nCit\u00e9 du Vatican<\/p>\n<h4>FRAIS D\u2019EXP\u00c9DITION<\/h4>\n<p>\u00c0 partir d\u2019une valeur brute de marchandises de 75,- EUR, la livraison vers les pays mentionn\u00e9s est gratuite.<br \/>\nSinon, les frais d\u2019exp\u00e9dition s\u2019\u00e9l\u00e8vent \u00e0 20,- EUR dans tous les pays mentionn\u00e9s (forfait de frais d\u2019exp\u00e9dition).<\/p>\n<p>Pour les livraisons vers des pays hors de l&#8217;Union europ\u00e9enne, des co\u00fbts suppl\u00e9mentaires peuvent survenir au cas par cas, dont nous ne sommes pas responsables et qui sont \u00e0 votre charge. Cela inclut par exemple les frais de transfert d&#8217;argent par les \u00e9tablissements de cr\u00e9dit (par ex. frais de virement, frais de change) ou les taxes \u00e0 l&#8217;importation (par ex. droits de douane) ou imp\u00f4ts (par ex. TVA \u00e0 l&#8217;importation). <\/p>\n<p>Vous trouverez \u00e9galement plus d&#8217;informations sur http:\/\/ec.europa.eu\/taxation_customs\/dds\/cgi-bin\/tarchap?Lang=DE et concernant la TVA \u00e0 l&#8217;importation sur http:\/\/auskunft.ezt-online.de\/ezto\/Welcome.do, ainsi que sp\u00e9cifiquement pour la Suisse sur http:\/\/xtares.admin.ch\/tares\/login\/loginFormFiller.do.<\/p>\n<\/div><\/section><\/div>","protected":false},"excerpt":{"rendered":"","protected":false},"author":1,"featured_media":0,"parent":0,"menu_order":0,"comment_status":"closed","ping_status":"closed","template":"","meta":{"_acf_changed":false,"inline_featured_image":false,"footnotes":""},"class_list":["post-19064","page","type-page","status-publish","hentry"],"acf":[],"_links":{"self":[{"href":"https:\/\/www.nachfolger.com\/fr\/wp-json\/wp\/v2\/pages\/19064","targetHints":{"allow":["GET"]}}],"collection":[{"href":"https:\/\/www.nachfolger.com\/fr\/wp-json\/wp\/v2\/pages"}],"about":[{"href":"https:\/\/www.nachfolger.com\/fr\/wp-json\/wp\/v2\/types\/page"}],"author":[{"embeddable":true,"href":"https:\/\/www.nachfolger.com\/fr\/wp-json\/wp\/v2\/users\/1"}],"replies":[{"embeddable":true,"href":"https:\/\/www.nachfolger.com\/fr\/wp-json\/wp\/v2\/comments?post=19064"}],"version-history":[{"count":11,"href":"https:\/\/www.nachfolger.com\/fr\/wp-json\/wp\/v2\/pages\/19064\/revisions"}],"predecessor-version":[{"id":20649,"href":"https:\/\/www.nachfolger.com\/fr\/wp-json\/wp\/v2\/pages\/19064\/revisions\/20649"}],"wp:attachment":[{"href":"https:\/\/www.nachfolger.com\/fr\/wp-json\/wp\/v2\/media?parent=19064"}],"curies":[{"name":"wp","href":"https:\/\/api.w.org\/{rel}","templated":true}]}}