{"id":19127,"date":"2026-04-14T12:13:08","date_gmt":"2026-04-14T10:13:08","guid":{"rendered":"https:\/\/www.nachfolger.com\/modes-de-paiement\/"},"modified":"2026-04-14T12:13:09","modified_gmt":"2026-04-14T10:13:09","slug":"modes-de-paiement","status":"publish","type":"page","link":"https:\/\/www.nachfolger.com\/fr\/modes-de-paiement\/","title":{"rendered":"Modes de paiement"},"content":{"rendered":"<div id='av_section_1'  class='avia-section av-c2nqwi-cad63850fbcde945d8b7202bf5a4d246 main_color avia-section-large avia-no-border-styling  avia-builder-el-0  avia-builder-el-no-sibling  layout-boxed avia-bg-style-scroll container_wrap fullsize'  ><div class='container av-section-cont-open' ><main  role=\"main\" itemprop=\"mainContentOfPage\"  class='template-page content  av-content-full alpha units'><div class='post-entry post-entry-type-page post-entry-19127'><div class='entry-content-wrapper clearfix'>\n\n\n<style type=\"text\/css\" data-created_by=\"avia_inline_auto\" id=\"style-css-av-a9pcsy-7296b924b1103819a81ccf2800da9007\">\n.flex_column.av-a9pcsy-7296b924b1103819a81ccf2800da9007{\nborder-radius:0px 0px 0px 0px;\npadding:0px 0px 0px 0px;\n}\n<\/style>\n<div  class='flex_column av-a9pcsy-7296b924b1103819a81ccf2800da9007 av_one_full  avia-builder-el-1  el_before_av_hr  avia-builder-el-first  first flex_column_div av-zero-column-padding  '     ><section  class='av_textblock_section av-8tia76-7302c429c1733389270e7cf4eb100364 '   itemscope=\"itemscope\" itemtype=\"https:\/\/schema.org\/CreativeWork\" ><div class='avia_textblock'  itemprop=\"text\" ><h3>Informations de paiement<\/h3>\n<\/div><\/section>\n\n<style type=\"text\/css\" data-created_by=\"avia_inline_auto\" id=\"style-css-av-75aacy-fdeb0eaf2cb9bb376c7cb4f3be91c8a1\">\n#top .hr.hr-invisible.av-75aacy-fdeb0eaf2cb9bb376c7cb4f3be91c8a1{\nheight:30px;\n}\n<\/style>\n<div  class='hr av-75aacy-fdeb0eaf2cb9bb376c7cb4f3be91c8a1 hr-invisible  avia-builder-el-3  el_after_av_textblock  el_before_av_textblock '><span class='hr-inner '><span class=\"hr-inner-style\"><\/span><\/span><\/div>\n<section  class='av_textblock_section av-66jn7m-db638d4b18d2faf6fb3322d082e5f16c '   itemscope=\"itemscope\" itemtype=\"https:\/\/schema.org\/CreativeWork\" ><div class='avia_textblock'  itemprop=\"text\" ><p>Nous te proposons de payer par contre-remboursement, par virement bancaire anticip\u00e9 ou par carte de cr\u00e9dit.<\/p>\n<p>Nous acceptons Visa et MasterCard.<br \/>\nLe paiement par carte de cr\u00e9dit s\u2019effectue via une transmission SSL (Secure Socket Layer). Les donn\u00e9es saisies sont imm\u00e9diatement chiffr\u00e9es. <\/p>\n<h4>EXP\u00c9DITION NATIONALE<\/h4>\n<p>Pour les livraisons en Autriche, nous proposons les modes de paiement suivants, sauf indication contraire dans la description du produit concern\u00e9 :<\/p>\n<ol>\n<li>Virement bancaire<\/li>\n<li>Carte de cr\u00e9dit<\/li>\n<li>PayPal<\/li>\n<li>Contre-remboursement<\/li>\n<li>Paiement sur facture<\/li>\n<\/ol>\n<h4>EXP\u00c9DITION INTERNATIONALE<\/h4>\n<p>Pour les livraisons \u00e0 l\u2019\u00e9tranger, nous proposons les modes de paiement suivants, sauf indication contraire dans la description du produit concern\u00e9 :<\/p>\n<ol>\n<li>Carte de cr\u00e9dit<\/li>\n<li>PayPal<\/li>\n<li>Contre-remboursement<\/li>\n<li>Paiement sur facture<\/li>\n<\/ol>\n<h4>INFORMATIONS D\u00c9TAILL\u00c9ES SUR LES DIFF\u00c9RENTES OPTIONS DE PAIEMENT<\/h4>\n<h5><\/h5>\n<h5>VIREMENT BANCAIRE<\/h5>\n<p>Vire facilement le montant de la facture sur notre compte bancaire en indiquant la r\u00e9f\u00e9rence de paiement. Nous te communiquerons s\u00e9par\u00e9ment par e-mail nos coordonn\u00e9es bancaires ainsi que la r\u00e9f\u00e9rence de virement dans le cadre du processus de commande. L\u2019exp\u00e9dition a lieu apr\u00e8s r\u00e9ception sur notre compte du montant que tu as vir\u00e9 directement. Nous indiquons sur la page de chaque produit les \u00e9ventuels d\u00e9lais de livraison diff\u00e9rents.   <\/p>\n<p>Merci d\u2019indiquer ton num\u00e9ro de commande ou de facture dans la r\u00e9f\u00e9rence de paiement.<\/p>\n<p>Tu trouveras nos coordonn\u00e9es bancaires dans ta confirmation de commande.<\/p>\n<h5>PAYPAL<\/h5>\n<p>PayPal te permet de payer en ligne simplement, rapidement et en toute s\u00e9curit\u00e9, et c\u2019est toujours gratuit pour toi en tant que client. Tes coordonn\u00e9es bancaires ou ton num\u00e9ro de carte de cr\u00e9dit sont enregistr\u00e9s en toute s\u00e9curit\u00e9 chez PayPal et prot\u00e9g\u00e9s par le protocole SSL et une cl\u00e9 128 bits. Le paiement se fait tr\u00e8s simplement via une adresse e-mail PayPal. Nous pouvons ainsi exp\u00e9dier ta commande imm\u00e9diatement dans le d\u00e9lai de livraison indiqu\u00e9 \u2014 tu re\u00e7ois tes achats plus rapidement.   <\/p>\n<h5>PAIEMENT PAR CARTE DE CR\u00c9DIT (VISA OU MASTERCARD)<\/h5>\n<p>Paie facilement par carte de cr\u00e9dit. Lors du paiement par carte, tes donn\u00e9es sont transmises chiffr\u00e9es \u00e0 notre prestataire de paiement \u00e9lectronique et ne sont pas enregistr\u00e9es par nos soins. Tu peux choisir entre Visa et Mastercard. Le d\u00e9bit de ton compte de carte de cr\u00e9dit a lieu \u00e0 la finalisation de la commande.   <\/p>\n<h5>CONTRE-REMBOURSEMENT<\/h5>\n<p>Tu paies \u00e0 la livraison au transporteur mandat\u00e9 par nos soins, autoris\u00e9 \u00e0 encaisser le montant d\u00fb. Merci de noter qu\u2019en cas d\u2019envoi en contre-remboursement, nous facturons des frais de contre-remboursement de 9,90 \u20ac. <\/p>\n<h5>PAIEMENT SUR FACTURE<\/h5>\n<p>Apr\u00e8s r\u00e9ception de la facture, vire le montant d\u00fb sur notre compte bancaire dans le d\u00e9lai de paiement indiqu\u00e9 sur la facture.<\/p>\n<h5>ALTERNATIVE<\/h5>\n<p>Le retrait sur place n\u2019est pas possible pour des raisons logistiques.<\/p>\n<\/div><\/section>\n\n<style type=\"text\/css\" data-created_by=\"avia_inline_auto\" id=\"style-css-av-4cte0y-c0bbcc105eb60e6a62f32e485372e138\">\n#top .hr.hr-invisible.av-4cte0y-c0bbcc105eb60e6a62f32e485372e138{\nheight:30px;\n}\n<\/style>\n<div  class='hr av-4cte0y-c0bbcc105eb60e6a62f32e485372e138 hr-invisible  avia-builder-el-5  el_after_av_textblock  avia-builder-el-last '><span class='hr-inner '><span class=\"hr-inner-style\"><\/span><\/span><\/div><\/div>\n<style type=\"text\/css\" data-created_by=\"avia_inline_auto\" id=\"style-css-av-3avncy-828d916013a9024448f4d6fdfd33f078\">\n#top .hr.hr-invisible.av-3avncy-828d916013a9024448f4d6fdfd33f078{\nheight:30px;\n}\n<\/style>\n<div  class='hr av-3avncy-828d916013a9024448f4d6fdfd33f078 hr-invisible  avia-builder-el-6  el_after_av_one_full  avia-builder-el-last '><span class='hr-inner '><span class=\"hr-inner-style\"><\/span><\/span><\/div>\n\n","protected":false},"excerpt":{"rendered":"","protected":false},"author":1,"featured_media":0,"parent":0,"menu_order":0,"comment_status":"closed","ping_status":"closed","template":"","meta":{"_acf_changed":false,"inline_featured_image":false,"footnotes":""},"class_list":["post-19127","page","type-page","status-publish","hentry"],"acf":[],"_links":{"self":[{"href":"https:\/\/www.nachfolger.com\/fr\/wp-json\/wp\/v2\/pages\/19127","targetHints":{"allow":["GET"]}}],"collection":[{"href":"https:\/\/www.nachfolger.com\/fr\/wp-json\/wp\/v2\/pages"}],"about":[{"href":"https:\/\/www.nachfolger.com\/fr\/wp-json\/wp\/v2\/types\/page"}],"author":[{"embeddable":true,"href":"https:\/\/www.nachfolger.com\/fr\/wp-json\/wp\/v2\/users\/1"}],"replies":[{"embeddable":true,"href":"https:\/\/www.nachfolger.com\/fr\/wp-json\/wp\/v2\/comments?post=19127"}],"version-history":[{"count":1,"href":"https:\/\/www.nachfolger.com\/fr\/wp-json\/wp\/v2\/pages\/19127\/revisions"}],"predecessor-version":[{"id":19130,"href":"https:\/\/www.nachfolger.com\/fr\/wp-json\/wp\/v2\/pages\/19127\/revisions\/19130"}],"wp:attachment":[{"href":"https:\/\/www.nachfolger.com\/fr\/wp-json\/wp\/v2\/media?parent=19127"}],"curies":[{"name":"wp","href":"https:\/\/api.w.org\/{rel}","templated":true}]}}