{"id":19152,"date":"2026-04-14T12:14:25","date_gmt":"2026-04-14T10:14:25","guid":{"rendered":"https:\/\/www.nachfolger.com\/mentions-legales\/"},"modified":"2026-04-14T12:14:26","modified_gmt":"2026-04-14T10:14:26","slug":"mentions-legales","status":"publish","type":"page","link":"https:\/\/www.nachfolger.com\/fr\/mentions-legales\/","title":{"rendered":"Mentions l\u00e9gales"},"content":{"rendered":"<div id='av_section_1'  class='avia-section av-93yfv2-0266e2469ba4572b0b7e574cae4294fb main_color avia-section-large avia-no-border-styling  avia-builder-el-0  avia-builder-el-no-sibling  layout-boxed avia-bg-style-scroll container_wrap fullsize'  ><div class='container av-section-cont-open' ><main  role=\"main\" itemprop=\"mainContentOfPage\"  class='template-page content  av-content-full alpha units'><div class='post-entry post-entry-type-page post-entry-19152'><div class='entry-content-wrapper clearfix'>\n\n\n<style type=\"text\/css\" data-created_by=\"avia_inline_auto\" id=\"style-css-av-7xesz2-1ccf7ef1821a7f834aece863a36884a0\">\n.flex_column.av-7xesz2-1ccf7ef1821a7f834aece863a36884a0{\nborder-radius:0px 0px 0px 0px;\npadding:0px 0px 0px 0px;\n}\n<\/style>\n<div  class='flex_column av-7xesz2-1ccf7ef1821a7f834aece863a36884a0 av_one_full  avia-builder-el-1  avia-builder-el-no-sibling  first flex_column_div av-zero-column-padding  '     ><section  class='av_textblock_section av-5kzboe-3c4e417f654db8d8ffac557f99828ab1 '   itemscope=\"itemscope\" itemtype=\"https:\/\/schema.org\/CreativeWork\" ><div class='avia_textblock'  itemprop=\"text\" ><h3>Mentions l\u00e9gales<\/h3>\n<\/div><\/section>\n\n<style type=\"text\/css\" data-created_by=\"avia_inline_auto\" id=\"style-css-av-hm8se-b198ffaef1bccb0a6efc8f504606e3dc\">\n#top .hr.hr-invisible.av-hm8se-b198ffaef1bccb0a6efc8f504606e3dc{\nheight:50px;\n}\n<\/style>\n<div  class='hr av-hm8se-b198ffaef1bccb0a6efc8f504606e3dc hr-invisible  avia-builder-el-3  el_after_av_textblock  el_before_av_textblock '><span class='hr-inner '><span class=\"hr-inner-style\"><\/span><\/span><\/div>\n<section  class='av_textblock_section av-30j4v2-a81dc2c9976843f077821e7168e2b346 '   itemscope=\"itemscope\" itemtype=\"https:\/\/schema.org\/CreativeWork\" ><div class='avia_textblock'  itemprop=\"text\" ><p>Obligation d&#8217;information selon l&#8217;article 5 de la loi sur le commerce \u00e9lectronique, l&#8217;article 14 du Code des soci\u00e9t\u00e9s, l&#8217;article 63 du Code de l&#8217;artisanat et obligation de divulgation selon l&#8217;article 25 de la loi sur les m\u00e9dias<\/p>\n<p><a href=\"https:\/\/firmen.wko.at\/gerd-mitter\/\" target=\"_blank\" rel=\"noopener\"><img decoding=\"async\" class=\"alignnone size-full wp-image-3491\" src=\"https:\/\/www.nachfolger.com\/wp-content\/uploads\/ECG_WKO_f%C3%BCrs-Impressum-150.jpg\" alt=\"\" width=\"152\" height=\"74\"><\/a><\/p>\n<p>nachfolger mobility GmbH<br \/>\nMarinelligasse 7 \/ 13<br \/>\nAT-1020 Vienne<\/p>\n<p>info@nachfolger.com<br \/>\n+436604956935<\/p>\n<p>UID : ATU77457324<br \/>\nRegistre du commerce : FN 562759m<br \/>\nTribunal du registre du commerce : Tribunal de commerce de Vienne<\/p>\n<p>Membre de la Chambre \u00e9conomique autrichienne, groupe professionnel du commerce<\/p>\n<p>Autorit\u00e9 de surveillance : Bureau de district magistrat du 7e arrondissement<br \/>\nR\u00e9glementations commerciales : Code de l&#8217;artisanat<\/p>\n<p>Objet de l&#8217;entreprise :<br \/>\nVente de si\u00e8ges auto pour enfants et accessoires<\/p>\n<h4>CONCEPT, DESIGN &amp; R\u00c9ALISATION<\/h4>\n<p><a href=\"https:\/\/www.digihouse-werbeagentur.at\" target=\"_blank\" rel=\"noopener\">DIGIHOUSE Werbeagentur<\/a><\/p>\n<\/div><\/section><\/div>","protected":false},"excerpt":{"rendered":"","protected":false},"author":1,"featured_media":0,"parent":0,"menu_order":0,"comment_status":"closed","ping_status":"closed","template":"","meta":{"_acf_changed":false,"inline_featured_image":false,"footnotes":""},"class_list":["post-19152","page","type-page","status-publish","hentry"],"acf":[],"_links":{"self":[{"href":"https:\/\/www.nachfolger.com\/fr\/wp-json\/wp\/v2\/pages\/19152","targetHints":{"allow":["GET"]}}],"collection":[{"href":"https:\/\/www.nachfolger.com\/fr\/wp-json\/wp\/v2\/pages"}],"about":[{"href":"https:\/\/www.nachfolger.com\/fr\/wp-json\/wp\/v2\/types\/page"}],"author":[{"embeddable":true,"href":"https:\/\/www.nachfolger.com\/fr\/wp-json\/wp\/v2\/users\/1"}],"replies":[{"embeddable":true,"href":"https:\/\/www.nachfolger.com\/fr\/wp-json\/wp\/v2\/comments?post=19152"}],"version-history":[{"count":2,"href":"https:\/\/www.nachfolger.com\/fr\/wp-json\/wp\/v2\/pages\/19152\/revisions"}],"predecessor-version":[{"id":19156,"href":"https:\/\/www.nachfolger.com\/fr\/wp-json\/wp\/v2\/pages\/19152\/revisions\/19156"}],"wp:attachment":[{"href":"https:\/\/www.nachfolger.com\/fr\/wp-json\/wp\/v2\/media?parent=19152"}],"curies":[{"name":"wp","href":"https:\/\/api.w.org\/{rel}","templated":true}]}}