{"id":19233,"date":"2025-09-17T14:19:09","date_gmt":"2025-09-17T12:19:09","guid":{"rendered":"https:\/\/www.nachfolger.com\/shop\/hyfive-world-cosy-nomad\/"},"modified":"2026-04-22T16:27:21","modified_gmt":"2026-04-22T14:27:21","slug":"hyfive-world-cosy-nomad","status":"publish","type":"product","link":"https:\/\/www.nachfolger.com\/fr\/shop\/hyfive-world-cosy-nomad\/","title":{"rendered":"HyFive WORLD Cosy Nomad"},"content":{"rendered":"Notre HyFive WORLD Cosy Nomad est parfait pour les familles qui aiment parcourir le monde entier. En voiture de location \u00e0 travers la jungle, directement sur la plage en Tha\u00eflande ou en Jeep \u00e0 travers le d\u00e9sert au Maroc. Voyage toujours en s\u00e9curit\u00e9 avec le premier si\u00e8ge auto s\u00fbr, pliable et ultra-l\u00e9ger pour le voyage. Rapide \u00e0 installer, le HyFive peut \u00eatre plac\u00e9 dans n\u2019importe quelle voiture, avec une ceinture sous-abdominale ou une ceinture \u00e0 3 points. Un si\u00e8ge de s\u00e9curit\u00e9 enfant dos \u00e0 la route pour presque toutes les situations imaginables : vacances, covoiturage, taxi, bus ou train, le HyFive fait aussi bonne figure au quotidien.   \n\nNotre dernier globe-trotteur se distingue par les caract\u00e9ristiques suivantes :\n<ul>\n \t<li>Faible poids de voyage de 4,6 kg !<\/li>\n \t<li>Accessoires librement configurables !<\/li>\n \t<li>ATTENTION ! aucune pompe dans le colis !<\/li>\n \t<li>ATTENTION ! aucune protection de si\u00e8ge dans le colis !<\/li>\n \t<li>M\u00e9canisme de pliage brevet\u00e9, super compact ! (dimensions cabine avion !) <\/li>\n \t<li>Homologu\u00e9 selon UN ECE R44\/04 et GB27887:2011<\/li>\n \t<li>Con\u00e7u pour le march\u00e9 asiatique, peut \u00eatre utilis\u00e9 dans le monde entier (y compris dans l\u2019UE).<\/li>\n \t<li>Restriction par pays : Ne doit pas \u00eatre vendu aux consommateurs finaux (!) au sein de l\u2019UE.<\/li>\n<\/ul>","protected":false},"excerpt":{"rendered":"<p>D\u00e9lai de livraison : 5 \u00e0 10 jours. Livraison gratuite ! <\/p>\n<p>Notre GLOBE-TROTTEUR le plus l\u00e9ger \u00e0 ce jour<br \/>\n4,6 kg | ceintur\u00e9 | librement configurable | jusqu\u2019\u00e0 5 ans, 105 cm ou 18 kg<\/p>\n","protected":false},"featured_media":19234,"comment_status":"open","ping_status":"closed","template":"","meta":{"_acf_changed":false,"inline_featured_image":false},"product_brand":[],"product_cat":[1451],"product_tag":[],"class_list":{"0":"post-19233","1":"product","2":"type-product","3":"status-publish","4":"has-post-thumbnail","6":"product_cat-sieges-auto-pour-enfants","8":"first","9":"instock","10":"taxable","11":"shipping-taxable","12":"purchasable","13":"product-type-variable"},"acf":[],"_links":{"self":[{"href":"https:\/\/www.nachfolger.com\/fr\/wp-json\/wp\/v2\/product\/19233","targetHints":{"allow":["GET"]}}],"collection":[{"href":"https:\/\/www.nachfolger.com\/fr\/wp-json\/wp\/v2\/product"}],"about":[{"href":"https:\/\/www.nachfolger.com\/fr\/wp-json\/wp\/v2\/types\/product"}],"replies":[{"embeddable":true,"href":"https:\/\/www.nachfolger.com\/fr\/wp-json\/wp\/v2\/comments?post=19233"}],"wp:featuredmedia":[{"embeddable":true,"href":"https:\/\/www.nachfolger.com\/fr\/wp-json\/wp\/v2\/media\/19234"}],"wp:attachment":[{"href":"https:\/\/www.nachfolger.com\/fr\/wp-json\/wp\/v2\/media?parent=19233"}],"wp:term":[{"taxonomy":"product_brand","embeddable":true,"href":"https:\/\/www.nachfolger.com\/fr\/wp-json\/wp\/v2\/product_brand?post=19233"},{"taxonomy":"product_cat","embeddable":true,"href":"https:\/\/www.nachfolger.com\/fr\/wp-json\/wp\/v2\/product_cat?post=19233"},{"taxonomy":"product_tag","embeddable":true,"href":"https:\/\/www.nachfolger.com\/fr\/wp-json\/wp\/v2\/product_tag?post=19233"}],"curies":[{"name":"wp","href":"https:\/\/api.w.org\/{rel}","templated":true}]}}