{"id":19359,"date":"2018-02-16T14:49:48","date_gmt":"2018-02-16T13:49:48","guid":{"rendered":"https:\/\/www.nachfolger.com\/shop\/porte-gobelet-hyfive\/"},"modified":"2026-04-14T12:21:07","modified_gmt":"2026-04-14T10:21:07","slug":"porte-gobelet-hyfive","status":"publish","type":"product","link":"https:\/\/www.nachfolger.com\/fr\/shop\/porte-gobelet-hyfive\/","title":{"rendered":"Porte-gobelet HyFive"},"content":{"rendered":"<span style=\"font-size: 16px;\">Boisson \u00e0 port\u00e9e de main en d\u00e9placement ! Ainsi, ton enfant a sa boisson toujours \u00e0 port\u00e9e de main \u2013 pas de d\u00e9g\u00e2ts dans la voiture <\/span>\n\n<span style=\"font-size: 16px;\">Couleur : noir<\/span>\n<ul>\n \t<li><span style=\"font-size: 16px;\">Utilisation simple, conception robuste\n<\/span><\/li>\n \t<li><span style=\"font-size: 16px;\">Convient aux gourdes et aux gobelets<\/span><\/li>\n \t<li><span style=\"font-size: 16px;\">Surface lisse et bords arrondis<\/span><\/li>\n<\/ul>","protected":false},"excerpt":{"rendered":"<p>Ainsi, ton enfant a sa boisson toujours \u00e0 port\u00e9e de main. D\u00e9lai de livraison : 3 \u00e0 5 jours ouvr\u00e9s <\/p>\n","protected":false},"featured_media":19362,"comment_status":"closed","ping_status":"closed","template":"","meta":{"_acf_changed":false,"inline_featured_image":false},"product_brand":[],"product_cat":[1453],"product_tag":[],"class_list":{"0":"post-19359","1":"product","2":"type-product","3":"status-publish","4":"has-post-thumbnail","6":"product_cat-accessoires","8":"first","9":"instock","10":"taxable","11":"shipping-taxable","12":"purchasable","13":"product-type-simple"},"acf":[],"_links":{"self":[{"href":"https:\/\/www.nachfolger.com\/fr\/wp-json\/wp\/v2\/product\/19359","targetHints":{"allow":["GET"]}}],"collection":[{"href":"https:\/\/www.nachfolger.com\/fr\/wp-json\/wp\/v2\/product"}],"about":[{"href":"https:\/\/www.nachfolger.com\/fr\/wp-json\/wp\/v2\/types\/product"}],"replies":[{"embeddable":true,"href":"https:\/\/www.nachfolger.com\/fr\/wp-json\/wp\/v2\/comments?post=19359"}],"wp:featuredmedia":[{"embeddable":true,"href":"https:\/\/www.nachfolger.com\/fr\/wp-json\/wp\/v2\/media\/19362"}],"wp:attachment":[{"href":"https:\/\/www.nachfolger.com\/fr\/wp-json\/wp\/v2\/media?parent=19359"}],"wp:term":[{"taxonomy":"product_brand","embeddable":true,"href":"https:\/\/www.nachfolger.com\/fr\/wp-json\/wp\/v2\/product_brand?post=19359"},{"taxonomy":"product_cat","embeddable":true,"href":"https:\/\/www.nachfolger.com\/fr\/wp-json\/wp\/v2\/product_cat?post=19359"},{"taxonomy":"product_tag","embeddable":true,"href":"https:\/\/www.nachfolger.com\/fr\/wp-json\/wp\/v2\/product_tag?post=19359"}],"curies":[{"name":"wp","href":"https:\/\/api.w.org\/{rel}","templated":true}]}}