{"id":19367,"date":"2018-02-16T14:43:17","date_gmt":"2018-02-16T13:43:17","guid":{"rendered":"https:\/\/www.nachfolger.com\/shop\/protege-siege-sac-hyfive\/"},"modified":"2026-04-14T12:21:11","modified_gmt":"2026-04-14T10:21:11","slug":"protege-siege-sac-hyfive","status":"publish","type":"product","link":"https:\/\/www.nachfolger.com\/fr\/shop\/protege-siege-sac-hyfive\/","title":{"rendered":"Prot\u00e8ge-si\u00e8ge \/ sac HyFive"},"content":{"rendered":"<span style=\"font-size: 16px;\">Le sac \u00e0 deux fonctions : d\u2019abord un prot\u00e8ge-si\u00e8ge pour les si\u00e8ges auto, puis un sac de transport pour le HyFive. Il est inclus lors d\u2019un achat neuf. Mais le prot\u00e8ge-si\u00e8ge est aussi tr\u00e8s souvent achet\u00e9 s\u00e9par\u00e9ment, car il peut \u00eatre utilis\u00e9 de fa\u00e7on tr\u00e8s universelle avec d\u2019autres si\u00e8ges auto pour enfants.  \n<\/span>\n\n<span style=\"font-size: 16px;\">Couleur : noir<\/span>\n<ul>\n \t<li>Textiles ultra-robustes<\/li>\n \t<li><span style=\"font-size: 16px;\">Installation facile<\/span><\/li>\n \t<li><span style=\"font-size: 16px;\">Protection compl\u00e8te du si\u00e8ge auto<\/span><\/li>\n \t<li><span style=\"font-size: 16px;\">Housse de protection pour le HyFive pli\u00e9 pendant le transport<\/span><\/li>\n \t<li><span style=\"font-size: 16px;\">Pochette \u00e0 fen\u00eatre transparente pour photos et cartes postales<\/span><\/li>\n \t<li><span style=\"font-size: 16px;\">Grandes poches pour accessoires, pompe, chaussures d\u2019enfant, jouets\u2026 etc.<\/span><\/li>\n \t<li><span style=\"font-size: 16px;\">100 % PES, d\u00e9perlant et lavable<\/span><\/li>\n<\/ul>","protected":false},"excerpt":{"rendered":"<p>D\u00e9lai de livraison : 3 \u00e0 5 jours ouvr\u00e9s<\/p>\n","protected":false},"featured_media":19370,"comment_status":"closed","ping_status":"closed","template":"","meta":{"_acf_changed":false,"inline_featured_image":false},"product_brand":[],"product_cat":[1446],"product_tag":[],"class_list":{"0":"post-19367","1":"product","2":"type-product","3":"status-publish","4":"has-post-thumbnail","6":"product_cat-pieces-de-rechange","8":"first","9":"instock","10":"taxable","11":"shipping-taxable","12":"purchasable","13":"product-type-simple"},"acf":[],"_links":{"self":[{"href":"https:\/\/www.nachfolger.com\/fr\/wp-json\/wp\/v2\/product\/19367","targetHints":{"allow":["GET"]}}],"collection":[{"href":"https:\/\/www.nachfolger.com\/fr\/wp-json\/wp\/v2\/product"}],"about":[{"href":"https:\/\/www.nachfolger.com\/fr\/wp-json\/wp\/v2\/types\/product"}],"replies":[{"embeddable":true,"href":"https:\/\/www.nachfolger.com\/fr\/wp-json\/wp\/v2\/comments?post=19367"}],"wp:featuredmedia":[{"embeddable":true,"href":"https:\/\/www.nachfolger.com\/fr\/wp-json\/wp\/v2\/media\/19370"}],"wp:attachment":[{"href":"https:\/\/www.nachfolger.com\/fr\/wp-json\/wp\/v2\/media?parent=19367"}],"wp:term":[{"taxonomy":"product_brand","embeddable":true,"href":"https:\/\/www.nachfolger.com\/fr\/wp-json\/wp\/v2\/product_brand?post=19367"},{"taxonomy":"product_cat","embeddable":true,"href":"https:\/\/www.nachfolger.com\/fr\/wp-json\/wp\/v2\/product_cat?post=19367"},{"taxonomy":"product_tag","embeddable":true,"href":"https:\/\/www.nachfolger.com\/fr\/wp-json\/wp\/v2\/product_tag?post=19367"}],"curies":[{"name":"wp","href":"https:\/\/api.w.org\/{rel}","templated":true}]}}