{"id":19428,"date":"2020-10-07T13:38:16","date_gmt":"2020-10-07T11:38:16","guid":{"rendered":"https:\/\/www.nachfolger.com\/shop\/hyfive-world\/"},"modified":"2026-04-17T09:56:32","modified_gmt":"2026-04-17T07:56:32","slug":"hyfive-world","status":"publish","type":"product","link":"https:\/\/www.nachfolger.com\/fr\/shop\/hyfive-world\/","title":{"rendered":"HyFive WORLD"},"content":{"rendered":"Notre HyFive WORLD est parfait pour les familles qui aiment voyager partout dans le monde. Avec une voiture de location \u00e0 travers la jungle jusqu\u2019\u00e0 la plage en Tha\u00eflande, ou au Maroc en Jeep \u00e0 travers le d\u00e9sert. Avec le premier si\u00e8ge auto enfant s\u00fbr, pliable et ultra-l\u00e9ger pour le voyage, tu roules toujours en s\u00e9curit\u00e9. Rapide \u00e0 installer, le HyFive se monte dans n\u2019importe quelle voiture, avec ou sans Top Tether, un si\u00e8ge de s\u00e9curit\u00e9 enfant dos \u00e0 la route pour presque toutes les situations imaginables : vacances, covoiturage, et m\u00eame au quotidien, le HyFive fait tr\u00e8s bonne figure.   \n\nNotre Welten-Bummler am\u00e9lior\u00e9 se distingue par les caract\u00e9ristiques suivantes :\n<ul>\n \t<li>Faible poids de voyage de 4,9 kg !<\/li>\n \t<li>Peut \u00eatre utilis\u00e9 avec ou sans sangle Top Tether ! (uniquement s\u2019il n\u2019y a pas de point d\u2019ancrage TT dans la voiture) <\/li>\n \t<li>M\u00e9canisme de pliage brevet\u00e9, super compact ! (dimensions cabine avion !) <\/li>\n \t<li>Inclut un sac robuste qui sert aussi de protection de si\u00e8ge.<\/li>\n \t<li>Inclut la pompe mobile et un c\u00e2ble de charge USB pour recharger (standard mondial !)<\/li>\n \t<li>Homologu\u00e9 selon UNECE R44\/04.<\/li>\n \t<li>Pour une utilisation mondiale, y compris dans l&#8217;UE !<\/li>\n<\/ul>","protected":false},"excerpt":{"rendered":"<p>D\u00e9lai de livraison : 5 \u00e0 10 jours. Livraison gratuite ! <\/p>\n<p>Notre WELTENBUMMLER flexible<br \/>\n4,9 kg | jusqu\u2019\u00e0 5 ans, 105 cm ou 18 kg<\/p>\n","protected":false},"featured_media":19234,"comment_status":"open","ping_status":"closed","template":"","meta":{"_acf_changed":false,"inline_featured_image":false},"product_brand":[],"product_cat":[1451],"product_tag":[],"class_list":{"0":"post-19428","1":"product","2":"type-product","3":"status-publish","4":"has-post-thumbnail","6":"product_cat-sieges-auto-pour-enfants","8":"first","9":"instock","10":"taxable","11":"shipping-taxable","12":"purchasable","13":"product-type-variable","14":"has-default-attributes"},"acf":[],"_links":{"self":[{"href":"https:\/\/www.nachfolger.com\/fr\/wp-json\/wp\/v2\/product\/19428","targetHints":{"allow":["GET"]}}],"collection":[{"href":"https:\/\/www.nachfolger.com\/fr\/wp-json\/wp\/v2\/product"}],"about":[{"href":"https:\/\/www.nachfolger.com\/fr\/wp-json\/wp\/v2\/types\/product"}],"replies":[{"embeddable":true,"href":"https:\/\/www.nachfolger.com\/fr\/wp-json\/wp\/v2\/comments?post=19428"}],"wp:featuredmedia":[{"embeddable":true,"href":"https:\/\/www.nachfolger.com\/fr\/wp-json\/wp\/v2\/media\/19234"}],"wp:attachment":[{"href":"https:\/\/www.nachfolger.com\/fr\/wp-json\/wp\/v2\/media?parent=19428"}],"wp:term":[{"taxonomy":"product_brand","embeddable":true,"href":"https:\/\/www.nachfolger.com\/fr\/wp-json\/wp\/v2\/product_brand?post=19428"},{"taxonomy":"product_cat","embeddable":true,"href":"https:\/\/www.nachfolger.com\/fr\/wp-json\/wp\/v2\/product_cat?post=19428"},{"taxonomy":"product_tag","embeddable":true,"href":"https:\/\/www.nachfolger.com\/fr\/wp-json\/wp\/v2\/product_tag?post=19428"}],"curies":[{"name":"wp","href":"https:\/\/api.w.org\/{rel}","templated":true}]}}