{"id":19433,"date":"2026-02-17T14:02:58","date_gmt":"2026-02-17T13:02:58","guid":{"rendered":"https:\/\/www.nachfolger.com\/shop\/sangle-darrimage\/"},"modified":"2026-04-14T12:23:46","modified_gmt":"2026-04-14T10:23:46","slug":"sangle-darrimage","status":"publish","type":"product","link":"https:\/\/www.nachfolger.com\/fr\/shop\/sangle-darrimage\/","title":{"rendered":"Sangle d&#8217;arrimage"},"content":{"rendered":"La sangle d&#8217;arrimage nachfolger\u00ae (Tether Strap) de pr\u00e8s de 3 m\u00e8tres est id\u00e9ale pour fixer des objets dans le v\u00e9hicule. Les objets volants, v\u00e9los, caisses, tout ce que tu transportes peut devenir un grand danger pour tous les passagers. C&#8217;est pourquoi nous proposons cette sangle d&#8217;arrimage avec indicateur de charge, inspir\u00e9e des si\u00e8ges auto pour enfants et de leurs diverses options de fixation. De plus, le montage est tr\u00e8s simple et se fait en quelques gestes. La sangle est identique aux sangles de nos si\u00e8ges auto pour enfants et est test\u00e9e et homologu\u00e9e selon les normes UN ECE R44 et R129. Ce syst\u00e8me permet de fixer des objets lourds afin qu&#8217;ils ne puissent pas voler librement dans le v\u00e9hicule en cas d&#8217;accident et \u00e9ventuellement blesser des passagers.    ","protected":false},"excerpt":{"rendered":"<p>La sangle d&#8217;arrimage nachfolger\u00ae (Tether Strap) de pr\u00e8s de 3 m\u00e8tres est id\u00e9ale pour fixer des objets dans le v\u00e9hicule. Les objets volants, v\u00e9los, caisses, tout ce que tu transportes peut devenir un grand danger pour tous les passagers. C&#8217;est pourquoi nous proposons cette sangle d&#8217;arrimage avec indicateur de charge, inspir\u00e9e des si\u00e8ges auto pour [&hellip;]<\/p>\n","protected":false},"featured_media":19434,"comment_status":"closed","ping_status":"closed","template":"","meta":{"_acf_changed":false,"inline_featured_image":false},"product_brand":[],"product_cat":[1446],"product_tag":[],"class_list":{"0":"post-19433","1":"product","2":"type-product","3":"status-publish","4":"has-post-thumbnail","6":"product_cat-pieces-de-rechange","8":"first","9":"instock","10":"sale","11":"taxable","12":"shipping-taxable","13":"purchasable","14":"product-type-simple"},"acf":[],"_links":{"self":[{"href":"https:\/\/www.nachfolger.com\/fr\/wp-json\/wp\/v2\/product\/19433","targetHints":{"allow":["GET"]}}],"collection":[{"href":"https:\/\/www.nachfolger.com\/fr\/wp-json\/wp\/v2\/product"}],"about":[{"href":"https:\/\/www.nachfolger.com\/fr\/wp-json\/wp\/v2\/types\/product"}],"replies":[{"embeddable":true,"href":"https:\/\/www.nachfolger.com\/fr\/wp-json\/wp\/v2\/comments?post=19433"}],"wp:featuredmedia":[{"embeddable":true,"href":"https:\/\/www.nachfolger.com\/fr\/wp-json\/wp\/v2\/media\/19434"}],"wp:attachment":[{"href":"https:\/\/www.nachfolger.com\/fr\/wp-json\/wp\/v2\/media?parent=19433"}],"wp:term":[{"taxonomy":"product_brand","embeddable":true,"href":"https:\/\/www.nachfolger.com\/fr\/wp-json\/wp\/v2\/product_brand?post=19433"},{"taxonomy":"product_cat","embeddable":true,"href":"https:\/\/www.nachfolger.com\/fr\/wp-json\/wp\/v2\/product_cat?post=19433"},{"taxonomy":"product_tag","embeddable":true,"href":"https:\/\/www.nachfolger.com\/fr\/wp-json\/wp\/v2\/product_tag?post=19433"}],"curies":[{"name":"wp","href":"https:\/\/api.w.org\/{rel}","templated":true}]}}