{"id":19461,"date":"2025-05-04T16:57:46","date_gmt":"2025-05-04T14:57:46","guid":{"rendered":"https:\/\/www.nachfolger.com\/shop\/hyfive-city-nouveau\/"},"modified":"2026-04-16T22:23:06","modified_gmt":"2026-04-16T20:23:06","slug":"hyfive-city-nouveau","status":"publish","type":"product","link":"https:\/\/www.nachfolger.com\/fr\/shop\/hyfive-city-nouveau\/","title":{"rendered":"HyFive CITY &#8211; NOUVEAU !"},"content":{"rendered":"Notre nouveau HyFive CITY est parfait pour les familles, les utilisateurs d\u2019autopartage, les utilisateurs de voitures de location, p. ex. lors de courts s\u00e9jours en ville, ou pour les trajets en taxi. C\u2019est le premier si\u00e8ge auto enfant s\u00fbr, pliable et ultral\u00e9ger pour un usage quotidien, qui se monte rapidement et s\u2019installe dans n\u2019importe quelle voiture. Un si\u00e8ge auto enfant exclusivement dos \u00e0 la route pour toutes les situations : quotidien, v\u00e9lo cargo, deuxi\u00e8me voiture, covoiturage et vacances en bus, train ou avion.  \n\nTous nos produits peuvent \u00eatre utilis\u00e9s dans le monde entier pendant les vacances, conform\u00e9ment \u00e0 la certification.\n\nNotre City-Explorateur am\u00e9lior\u00e9 et plus fin se distingue par les caract\u00e9ristiques suivantes :\n<ul style=\"list-style-type: circle;\">\n \t<li>Poids de voyage r\u00e9duit \u00e0 seulement 4,6 kg !<\/li>\n \t<li>Forme compacte, peu encombrante (5,5 cm plus court que le HyFive WORLD)<\/li>\n \t<li>Utilisation en voiture avec ceinture 3 points et sangle Top Tether.<\/li>\n \t<li>Utilisation en avion, bus ou train : la ceinture ventrale suffit.<\/li>\n \t<li>M\u00e9canisme de pliage brevet\u00e9, design unique ! (format cabine avion !) <\/li>\n \t<li>Inclus : un sac de transport qui sert aussi de housse de protection pour le si\u00e8ge de la voiture.<\/li>\n \t<li>Inclus : une pompe \u00e9lectrique et un c\u00e2ble de charge USB (standard mondial !)<\/li>\n \t<li>NOUVEAU &#8211; Utilisation plus simple gr\u00e2ce \u00e0 un temps de gonflage plus court !<\/li>\n \t<li>NOUVEAU &#8211; S\u00e9curit\u00e9 renforc\u00e9e gr\u00e2ce \u00e0 un Air Control System am\u00e9lior\u00e9 !<\/li>\n \t<li>NOUVEAU &#8211; Certifi\u00e9 selon la nouvelle norme UN ECE R129\/04.<\/li>\n \t<li>Pense aussi \u00e0 consulter la liste des v\u00e9hicules et, en cas de doute, demande-nous simplement.<\/li>\n \t<li>Tu trouveras plus d\u2019infos dans les d\u00e9tails du produit.<\/li>\n<\/ul>\nDisponible dans les couleurs les plus courantes !","protected":false},"excerpt":{"rendered":"<p>D\u00e9lai de livraison env. 5\u201310 jours. Livraison gratuite ! <\/p>\n<p>Notre nouveau CITY-FLITZER l\u00e9ger et compact<br \/>\nne p\u00e8se que 4,6 kg | de 6 m \u00e0 5 ans ou de 61 \u00e0 105 cm et max. 18 kg. <\/p>\n","protected":false},"featured_media":19421,"comment_status":"open","ping_status":"closed","template":"","meta":{"_acf_changed":false,"inline_featured_image":false},"product_brand":[],"product_cat":[1451],"product_tag":[1456,1457,1458],"class_list":{"0":"post-19461","1":"product","2":"type-product","3":"status-publish","4":"has-post-thumbnail","6":"product_cat-sieges-auto-pour-enfants","7":"product_tag-hy5-1tt","8":"product_tag-hyfiveonett","9":"product_tag-nachfolger","11":"first","12":"instock","13":"taxable","14":"shipping-taxable","15":"purchasable","16":"product-type-variable","17":"has-default-attributes"},"acf":[],"_links":{"self":[{"href":"https:\/\/www.nachfolger.com\/fr\/wp-json\/wp\/v2\/product\/19461","targetHints":{"allow":["GET"]}}],"collection":[{"href":"https:\/\/www.nachfolger.com\/fr\/wp-json\/wp\/v2\/product"}],"about":[{"href":"https:\/\/www.nachfolger.com\/fr\/wp-json\/wp\/v2\/types\/product"}],"replies":[{"embeddable":true,"href":"https:\/\/www.nachfolger.com\/fr\/wp-json\/wp\/v2\/comments?post=19461"}],"wp:featuredmedia":[{"embeddable":true,"href":"https:\/\/www.nachfolger.com\/fr\/wp-json\/wp\/v2\/media\/19421"}],"wp:attachment":[{"href":"https:\/\/www.nachfolger.com\/fr\/wp-json\/wp\/v2\/media?parent=19461"}],"wp:term":[{"taxonomy":"product_brand","embeddable":true,"href":"https:\/\/www.nachfolger.com\/fr\/wp-json\/wp\/v2\/product_brand?post=19461"},{"taxonomy":"product_cat","embeddable":true,"href":"https:\/\/www.nachfolger.com\/fr\/wp-json\/wp\/v2\/product_cat?post=19461"},{"taxonomy":"product_tag","embeddable":true,"href":"https:\/\/www.nachfolger.com\/fr\/wp-json\/wp\/v2\/product_tag?post=19461"}],"curies":[{"name":"wp","href":"https:\/\/api.w.org\/{rel}","templated":true}]}}