{"id":19541,"date":"2018-02-19T10:17:21","date_gmt":"2018-02-19T09:17:21","guid":{"rendered":"https:\/\/www.nachfolger.com\/shop\/sac-a-dos-de-voyage-hyfive\/"},"modified":"2026-04-14T12:27:40","modified_gmt":"2026-04-14T10:27:40","slug":"sac-a-dos-de-voyage-hyfive","status":"publish","type":"product","link":"https:\/\/www.nachfolger.com\/fr\/shop\/sac-a-dos-de-voyage-hyfive\/","title":{"rendered":"Sac \u00e0 dos de voyage HyFive"},"content":{"rendered":"<span style=\"font-size: 16px;\">Le sac \u00e0 dos de voyage de qualit\u00e9 sup\u00e9rieure et \u00e9l\u00e9gant est id\u00e9al pour voyager confortablement et en toute s\u00e9curit\u00e9. Il est parfaitement adapt\u00e9 \u00e0 la s\u00e9rie HyFive. <\/span>\n\n<span style=\"font-size: 16px;\">Volume : 35 l<\/span>\n<ul>\n \t<li><span style=\"font-size: 16px;\">sac \u00e0 dos \u00e9l\u00e9gant et l\u00e9ger pour toute la s\u00e9rie HyFive<\/span><span style=\"font-size: 16px;\">\n<\/span><\/li>\n \t<li><span style=\"font-size: 16px;\">avec poche ext\u00e9rieure pratique pour objets de valeur<\/span><\/li>\n \t<li><span style=\"font-size: 16px;\">mat\u00e9riau hydrofuge et r\u00e9sistant<\/span><\/li>\n \t<li><span style=\"font-size: 16px;\">Bretelles rembourr\u00e9es antid\u00e9rapantes\n<\/span><\/li>\n \t<li><span style=\"font-size: 16px;\">Fond rev\u00eatu, r\u00e9sistant \u00e0 l&#8217;abrasion et \u00e0 l&#8217;eau<\/span><\/li>\n \t<li><span style=\"font-size: 16px;\">Filet int\u00e9rieur pour la pompe<\/span><\/li>\n<\/ul>","protected":false},"excerpt":{"rendered":"<p>Id\u00e9al pour voyager avec le HyFive &#8211; WORLD ou le HyFiveOneTT &#8211; CITY de mani\u00e8re confortable et surtout avec style.<\/p>\n","protected":false},"featured_media":19549,"comment_status":"closed","ping_status":"closed","template":"","meta":{"_acf_changed":false,"inline_featured_image":false},"product_brand":[],"product_cat":[1453],"product_tag":[],"class_list":{"0":"post-19541","1":"product","2":"type-product","3":"status-publish","4":"has-post-thumbnail","6":"product_cat-accessoires","8":"first","9":"instock","10":"taxable","11":"shipping-taxable","12":"purchasable","13":"product-type-variable","14":"has-default-attributes"},"acf":[],"_links":{"self":[{"href":"https:\/\/www.nachfolger.com\/fr\/wp-json\/wp\/v2\/product\/19541","targetHints":{"allow":["GET"]}}],"collection":[{"href":"https:\/\/www.nachfolger.com\/fr\/wp-json\/wp\/v2\/product"}],"about":[{"href":"https:\/\/www.nachfolger.com\/fr\/wp-json\/wp\/v2\/types\/product"}],"replies":[{"embeddable":true,"href":"https:\/\/www.nachfolger.com\/fr\/wp-json\/wp\/v2\/comments?post=19541"}],"wp:featuredmedia":[{"embeddable":true,"href":"https:\/\/www.nachfolger.com\/fr\/wp-json\/wp\/v2\/media\/19549"}],"wp:attachment":[{"href":"https:\/\/www.nachfolger.com\/fr\/wp-json\/wp\/v2\/media?parent=19541"}],"wp:term":[{"taxonomy":"product_brand","embeddable":true,"href":"https:\/\/www.nachfolger.com\/fr\/wp-json\/wp\/v2\/product_brand?post=19541"},{"taxonomy":"product_cat","embeddable":true,"href":"https:\/\/www.nachfolger.com\/fr\/wp-json\/wp\/v2\/product_cat?post=19541"},{"taxonomy":"product_tag","embeddable":true,"href":"https:\/\/www.nachfolger.com\/fr\/wp-json\/wp\/v2\/product_tag?post=19541"}],"curies":[{"name":"wp","href":"https:\/\/api.w.org\/{rel}","templated":true}]}}