{"id":19640,"date":"2021-03-18T15:07:27","date_gmt":"2021-03-18T14:07:27","guid":{"rendered":"https:\/\/www.nachfolger.com\/shop\/hyfive-kit-de-voyage-travel-kit\/"},"modified":"2026-04-14T12:38:11","modified_gmt":"2026-04-14T10:38:11","slug":"hyfive-kit-de-voyage-travel-kit","status":"publish","type":"product","link":"https:\/\/www.nachfolger.com\/fr\/shop\/hyfive-kit-de-voyage-travel-kit\/","title":{"rendered":"HyFive Kit de voyage \/ travel kit"},"content":{"rendered":"<span title=\"\"><span dir=\"auto\" style=\"vertical-align: inherit;\"><span dir=\"auto\" style=\"vertical-align: inherit;\"><span dir=\"auto\" style=\"vertical-align: inherit;\"><span dir=\"auto\" style=\"vertical-align: inherit;\">Profite de tes vacances et emm\u00e8ne le successeur\u00ae HyFive \u00e0 bord !<\/span><\/span><\/span><\/span><\/span>\n\n<br class=\"avia-permanent-lb\"><strong><span title=\"\"><span dir=\"auto\" style=\"vertical-align: inherit;\"><span dir=\"auto\" style=\"vertical-align: inherit;\"><span dir=\"auto\" style=\"vertical-align: inherit;\"><span dir=\"auto\" style=\"vertical-align: inherit;\">Le kit de voyage comprend :<\/span><\/span><\/span><\/span><\/span><\/strong>\n<ul>\n \t<li><span title=\"\"><span dir=\"auto\" style=\"vertical-align: inherit;\"><span dir=\"auto\" style=\"vertical-align: inherit;\"><span dir=\"auto\" style=\"vertical-align: inherit;\"><span dir=\"auto\" style=\"vertical-align: inherit;\">Adaptateur voiture 12V : Cela permet \u00e0 la pompe de fonctionner directement via le c\u00e2ble, m\u00eame si la batterie de la pompe est d\u00e9charg\u00e9e. Lors d&#8217;un long voyage, tu pourrais avoir besoin de d\u00e9gonfler et regonfler plus de deux fois. Pas de probl\u00e8me, et au fait ! Tu peux aussi l&#8217;utiliser pour charger la pompe.   <\/span><\/span><\/span><\/span>\n<\/span><\/li>\n \t<li><span title=\"\"><span dir=\"auto\" style=\"vertical-align: inherit;\"><span dir=\"auto\" style=\"vertical-align: inherit;\"><span dir=\"auto\" style=\"vertical-align: inherit;\"><span dir=\"auto\" style=\"vertical-align: inherit;\">Raccourcisseur de ceinture HY5 : Le clip de raccourcissement de ceinture aide \u00e0 ajuster l\u00e9g\u00e8rement la longueur de la ceinture d&#8217;avion. La boucle de la ceinture d&#8217;avion doit toujours \u00eatre centr\u00e9e sur la pince de la ceinture afin de pouvoir \u00eatre facilement ouverte \u00e0 tout moment et de ne pas g\u00eaner en position assise. <\/span><\/span><\/span><\/span>\n<\/span><\/li>\n<\/ul>","protected":false},"excerpt":{"rendered":"<p><span dir=\"auto\" style=\"vertical-align: inherit;\"><span dir=\"auto\" style=\"vertical-align: inherit;\"><span dir=\"auto\" style=\"vertical-align: inherit;\"><span dir=\"auto\" style=\"vertical-align: inherit;\">Profite de ta libert\u00e9 avec le kit de voyage HyFive, parfait pour les longs trajets et les gonflages fr\u00e9quents !<\/span><\/span><\/span><\/span><\/p>\n","protected":false},"featured_media":19349,"comment_status":"closed","ping_status":"closed","template":"","meta":{"_acf_changed":false,"inline_featured_image":false},"product_brand":[],"product_cat":[1453],"product_tag":[],"class_list":{"0":"post-19640","1":"product","2":"type-product","3":"status-publish","4":"has-post-thumbnail","6":"product_cat-accessoires","8":"first","9":"instock","10":"taxable","11":"shipping-taxable","12":"purchasable","13":"product-type-simple"},"acf":[],"_links":{"self":[{"href":"https:\/\/www.nachfolger.com\/fr\/wp-json\/wp\/v2\/product\/19640","targetHints":{"allow":["GET"]}}],"collection":[{"href":"https:\/\/www.nachfolger.com\/fr\/wp-json\/wp\/v2\/product"}],"about":[{"href":"https:\/\/www.nachfolger.com\/fr\/wp-json\/wp\/v2\/types\/product"}],"replies":[{"embeddable":true,"href":"https:\/\/www.nachfolger.com\/fr\/wp-json\/wp\/v2\/comments?post=19640"}],"wp:featuredmedia":[{"embeddable":true,"href":"https:\/\/www.nachfolger.com\/fr\/wp-json\/wp\/v2\/media\/19349"}],"wp:attachment":[{"href":"https:\/\/www.nachfolger.com\/fr\/wp-json\/wp\/v2\/media?parent=19640"}],"wp:term":[{"taxonomy":"product_brand","embeddable":true,"href":"https:\/\/www.nachfolger.com\/fr\/wp-json\/wp\/v2\/product_brand?post=19640"},{"taxonomy":"product_cat","embeddable":true,"href":"https:\/\/www.nachfolger.com\/fr\/wp-json\/wp\/v2\/product_cat?post=19640"},{"taxonomy":"product_tag","embeddable":true,"href":"https:\/\/www.nachfolger.com\/fr\/wp-json\/wp\/v2\/product_tag?post=19640"}],"curies":[{"name":"wp","href":"https:\/\/api.w.org\/{rel}","templated":true}]}}