{"id":19644,"date":"2018-06-15T10:57:19","date_gmt":"2018-06-15T08:57:19","guid":{"rendered":"https:\/\/www.nachfolger.com\/shop\/housse-dete-hyfive\/"},"modified":"2026-04-14T12:38:14","modified_gmt":"2026-04-14T10:38:14","slug":"housse-dete-hyfive","status":"publish","type":"product","link":"https:\/\/www.nachfolger.com\/fr\/shop\/housse-dete-hyfive\/","title":{"rendered":"Housse d&#8217;\u00e9t\u00e9 HyFive"},"content":{"rendered":"<span style=\"font-size: 16px;\">Ton enfant se sent toujours \u00e0 l&#8217;aise, car le comfort inlay r\u00e9chauffe en hiver, absorbe la transpiration en \u00e9t\u00e9 et assure une circulation d&#8217;air active.<\/span>\n\n<span style=\"font-size: 16px;\">Tu peux utiliser le c\u00f4t\u00e9 gris en \u00e9t\u00e9 comme en hiver : en \u00e9t\u00e9, il absorbe bien la transpiration et en hiver, l&#8217;inlay r\u00e9chauffe ton enfant. Le c\u00f4t\u00e9 blanc est con\u00e7u pour les journ\u00e9es chaudes, car le tissu mesh 3D assure une circulation d&#8217;air constante, \u00e9vacue la chaleur produite et emp\u00eache la transpiration.  <\/span>\n\n<span style=\"font-size: 16px;\">Couleur : gris\/blanc<\/span>\n<ul>\n \t<li><span style=\"font-size: 16px;\">Taille unique ! Compatible avec tous les mod\u00e8les !  <\/span><\/li>\n \t<li><span style=\"font-size: 16px;\">Circulation d&#8217;air active gr\u00e2ce au tissu mesh 3D\n<\/span><\/li>\n \t<li><span style=\"font-size: 16px;\">Simple et facile \u00e0 installer<\/span><\/li>\n \t<li><span style=\"font-size: 16px;\">Fonction r\u00e9versible : un c\u00f4t\u00e9 pour l&#8217;\u00e9t\u00e9 et un pour l&#8217;hiver<\/span><\/li>\n \t<li><span style=\"font-size: 16px;\">Mesh 3D pour les journ\u00e9es chaudes d&#8217;\u00e9t\u00e9<\/span><\/li>\n \t<li>\u00c9ponge pour l&#8217;hiver !<\/li>\n \t<li>Pratique ! Lavable en machine. <\/li>\n<\/ul>\nSi tu as d&#8217;autres questions, n&#8217;h\u00e9site pas \u00e0 contacter nos <a href=\"mailto:info@nachfolger.com\">collaborateurs<\/a> !","protected":false},"excerpt":{"rendered":"<p>La housse claire r\u00e9chauffe en hiver et absorbe la transpiration en \u00e9t\u00e9, pour un confort de voyage agr\u00e9able.<\/p>\n","protected":false},"featured_media":19645,"comment_status":"closed","ping_status":"closed","template":"","meta":{"_acf_changed":false,"inline_featured_image":false},"product_brand":[],"product_cat":[1453],"product_tag":[],"class_list":{"0":"post-19644","1":"product","2":"type-product","3":"status-publish","4":"has-post-thumbnail","6":"product_cat-accessoires","8":"first","9":"instock","10":"taxable","11":"shipping-taxable","12":"purchasable","13":"product-type-simple"},"acf":[],"_links":{"self":[{"href":"https:\/\/www.nachfolger.com\/fr\/wp-json\/wp\/v2\/product\/19644","targetHints":{"allow":["GET"]}}],"collection":[{"href":"https:\/\/www.nachfolger.com\/fr\/wp-json\/wp\/v2\/product"}],"about":[{"href":"https:\/\/www.nachfolger.com\/fr\/wp-json\/wp\/v2\/types\/product"}],"replies":[{"embeddable":true,"href":"https:\/\/www.nachfolger.com\/fr\/wp-json\/wp\/v2\/comments?post=19644"}],"wp:featuredmedia":[{"embeddable":true,"href":"https:\/\/www.nachfolger.com\/fr\/wp-json\/wp\/v2\/media\/19645"}],"wp:attachment":[{"href":"https:\/\/www.nachfolger.com\/fr\/wp-json\/wp\/v2\/media?parent=19644"}],"wp:term":[{"taxonomy":"product_brand","embeddable":true,"href":"https:\/\/www.nachfolger.com\/fr\/wp-json\/wp\/v2\/product_brand?post=19644"},{"taxonomy":"product_cat","embeddable":true,"href":"https:\/\/www.nachfolger.com\/fr\/wp-json\/wp\/v2\/product_cat?post=19644"},{"taxonomy":"product_tag","embeddable":true,"href":"https:\/\/www.nachfolger.com\/fr\/wp-json\/wp\/v2\/product_tag?post=19644"}],"curies":[{"name":"wp","href":"https:\/\/api.w.org\/{rel}","templated":true}]}}